{"id":507,"date":"2023-02-24T18:02:09","date_gmt":"2023-02-24T15:02:09","guid":{"rendered":"https:\/\/mejorcasadeapuesta.com\/ar\/?page_id=507"},"modified":"2024-06-20T17:38:10","modified_gmt":"2024-06-20T14:38:10","slug":"privacidad","status":"publish","type":"page","link":"https:\/\/mejorcasadeapuesta.com\/ar\/privacidad\/","title":{"rendered":"Privacidad"},"content":{"rendered":"<section class=\"wp-block-hc-alternate-group-section\"> <h2 class=\"wp-block-heading\">Protecci\u00f3n de datos y fidelidad&nbsp;<\/h2>    <p>Esta p\u00e1gina web cumple con lo establecido en la Constituci\u00f3n Argentina, espec\u00edficamente en la Ley de Protecci\u00f3n de Datos Personales 25.326 (PDPA) al igual que con las normativas internacionales al informarles a nuestros clientes que operamos con una estructura, procedimiento y sistema de recolecci\u00f3n de datos automatizados.<\/p>    <p>Dicho sistema se ocupa de manejar informaci\u00f3n confidencial y funciona bajo la responsabilidad de Mejorcasadeapuesta.com. Estos fueron creados con el objetivo de mantener un modelo de gesti\u00f3n adecuado gracias a los datos recopilados, los cuales son recolectados solo con la autorizaci\u00f3n expl\u00edcita de los usuarios.<\/p> <\/section>    <section class=\"wp-block-hc-alternate-group-section\"> <h2 class=\"wp-block-heading\">Registros de datos en formularios y ficheros<\/h2>    <p>Para poder acceder a ciertos servicios ofrecidos por nuestra p\u00e1gina web es necesario cumplir con el registro correcto de los datos en los formularios y ficheros de este sitio.<\/p>    <p>Es por esto y cumpliendo con lo establecido en la PDPA (ley de protecci\u00f3n de datos personales 25.326) que se les notifica a los clientes de este sitio web que su informaci\u00f3n personal quedar\u00e1 registrada en un fichero a nombre de la compa\u00f1\u00eda.<\/p>    <p>Al no estar de acuerdo y negarse a facilitar la informaci\u00f3n personal requerida o rehusarse a las pol\u00edticas de seguridad la posibilidad de registrarse o participar en ciertos servicios y promociones ofrecidos quedan anulados.<\/p> <\/section>    <section class=\"wp-block-hc-alternate-group-section\"> <h2 class=\"wp-block-heading\">Veracidad y exactitud de los datos<\/h2>    <p>La responsabilidad de que los datos proporcionados sean totalmente ver\u00eddicos recae \u00fanicamente en el cliente. Es por esto que es de vital importancia que todos los datos proporcionados sean precisos y exactos. As\u00ed mismo, ya sea intencional, error u omisi\u00f3n, la p\u00e1gina no se hace responsable de la carencia de autenticidad en los datos requeridos.<\/p>    <p>Es decir, los usuarios son los responsables totales de la autenticidad y validez de cada dato recolectado. As\u00ed mismo, el compromiso de que dichos datos se mantengan actualizados y las consecuencias de que esto no se cumpla recae \u00fanicamente en los mencionados.<\/p>    <p>Los usuarios de este sitio web en el momento que aceptan nuestras condiciones y pol\u00edticas de privacidad se comprometen a proporcionar datos completos, vigentes y \u00fatiles a la compa\u00f1\u00eda. La cual no responder\u00e1 ni se har\u00e1 responsable por datos personales recolectados por partes ajenas al usuario.<\/p>    <p>Otros puntos a aclarar a los usuarios son:<\/p>    <ol> <li>&nbsp;La p\u00e1gina electr\u00f3nica no asumir\u00e1 responsabilidad por cualquier tipo de da\u00f1os y\/o prejuicios que existan como resultado de la informaci\u00f3n suministrada por terceros ajenos al usuario.&nbsp;<\/li>    <li>&nbsp;Tal y como lo establecen las leyes internacionales y leyes nacionales de protecci\u00f3n de datos personales, los usuarios tienen el derecho de cambiar o revocar los datos proporcionados.&nbsp;<\/li>    <li>La empresa se reserva el derecho de transformar, mover, restringir o en ciertos casos eliminar el acceso a los datos encontrados en el sitio web.<\/li> <\/ol> <\/section>    <section class=\"wp-block-hc-alternate-group-section\"> <h2 class=\"wp-block-heading\">Cookies<\/h2>    <p>Se le informa a los usuarios que este sitio web utiliza cookies, a modo de cumplir con lo demandado por las leyes internacionales es importante que conozca este hecho.<\/p>    <section class=\"wp-block-hc-alternate-group-section\"> <h3 class=\"wp-block-heading\">\u00bfQu\u00e9 son las cookies?<\/h3>    <p>Las cookies son herramientas utilizadas por los sitios webs que permiten que estos recuerden informaci\u00f3n sobre tus acciones en sus servidores, que&nbsp;luego pueden utilizar para hacer tu estancia m\u00e1s agradable y asegurarse de ofrecerte un servicio de utilidad.<\/p>    <p>Las cookies usualmente duran el tiempo que est\u00e9s utilizando un servicio electr\u00f3nico o sitio web, no obstante ciertas p\u00e1ginas suelen almacenar los datos por un periodo de tiempo m\u00e1s largo para brindarte una excelente experiencia cuando vuelvas a visitarlos.<\/p> <\/section>    <section class=\"wp-block-hc-alternate-group-section\"> <h3 class=\"wp-block-heading\">\u00bfQu\u00e9 tipos de cookies utilizamos?<\/h3>    <p>Cuando apruebas todas las cookies presentes en la p\u00e1gina web nos est\u00e1s otorgando la autorizaci\u00f3n de utilizar la informaci\u00f3n para brindarte la mejor experiencia, algunos de los puntos que se mejoran gracias a dicha herramienta son:<\/p>    <ol> <li>La p\u00e1gina web funciona r\u00e1pida y plenamente.&nbsp;<\/li>    <li>Las cookies ayudan a que el sitio se mantenga actualizado sobre tus ajustes y preferencias.<\/li>    <li>Sabe tus preferencias nos ayuda a brindar servicios personalizados y anuncios de tu inter\u00e9s.<\/li>    <li>Permiten anexar redes sociales para extender tu comodidad.<\/li> <\/ol> <\/section>    <section class=\"wp-block-hc-alternate-group-section\"> <h3 class=\"wp-block-heading\">No se utilizan para:<\/h3>    <ol> <li>Brindar tu informaci\u00f3n y datos privados a externos.<\/li>    <li>Utilizar dichos datos personales sin tu conocimiento previo.<\/li> <\/ol> <\/section> <\/section>    <section class=\"wp-block-hc-alternate-group-section\"> <h2 class=\"wp-block-heading\">Derechos de acceso, rectificaci\u00f3n, cancelaci\u00f3n:<\/h2>    <p>Para hacer uso de este derecho legal solo debes contactarnos a trav\u00e9s de nuestro correo electr\u00f3nico; al hacer este paso&nbsp;deber\u00e1s comprobar tu identidad y propiedad de la cuenta en cuesti\u00f3n. Usualmente a trav\u00e9s de los documentos de identidad autorizados como lo son el pasaporte o DNI para mayor seguridad.<\/p>    <p>En el caso de querer hacer uso del derecho de rectificaci\u00f3n o modificaci\u00f3n de datos puedes hacerlo a trav\u00e9s de la misma p\u00e1gina web en el momento que lo deseas con solo iniciar sesi\u00f3n y demostrar tu identidad.<\/p> <\/section>    <section class=\"wp-block-hc-alternate-group-section\"> <h2 class=\"wp-block-heading\">Medidas de seguridad<\/h2>    <p>Mejorcasadeapuesta.com. Ofrece todos los niveles de seguridad requeridos por las normas y leyes internacionales. Adem\u00e1s de estar en constante trabajo para mantenerte actualizado e incluir nuevas herramientas para el uso correcto de tus datos y la protecci\u00f3n asegurada de los mismos.<\/p>    <p>Este sitio online no se hace cargo de los da\u00f1os o perjuicios producidos a causa de escenarios fuera de nuestro control. Las omisiones de informaci\u00f3n, virus electr\u00f3nicos o robos de datos de acceso como la contrase\u00f1a de tu cuenta pueden acarrear restricciones y hasta el bloqueo del acceso a la misma. Es por esto que es importante recalcar que el usuario es el responsable de cuidar esta informaci\u00f3n.<\/p> <\/section>    <section class=\"wp-block-hc-alternate-group-section\"> <h2 class=\"wp-block-heading\">Conocimiento y aceptaci\u00f3n de los t\u00e9rminos<\/h2>    <p>En el instante que el consumidor confirma conocer y aceptar los t\u00e9rminos y condiciones de privacidad, usted <b>certifica estar enterado sobre todas las medidas de seguridad de la p\u00e1gina web<\/b>, incluyendo las condiciones, manejo de los datos otorgados y m\u00e9todos de protecci\u00f3n para los mismos.<\/p>    <p>La informaci\u00f3n mencionada siendo utilizada solo bajo lo planteado en este texto informativo.<\/p>    <p>Los datos susodichos son solicitados en el momento en que el usuario desee informaci\u00f3n que requiera de iniciar sesi\u00f3n en el sitio web, fuera de esto podr\u00e1 recorrer el servidor sin inconveniente alguno.<\/p>    <p>Si un servicio en espec\u00edfico requiere de condiciones distintas a las planteadas o t\u00e9rminos extras de los encontrados en este apartado se le informar\u00e1 de manera previa antes de ejercerlo.<\/p> <\/section>    <section class=\"wp-block-hc-alternate-group-section\"> <h2 class=\"wp-block-heading\">Finalidades<\/h2>    <p>Para concluir, los datos suministrados en este sitio web ser\u00e1n utilizados con la finalidad principal de poder ofrecer la mejor gesti\u00f3n de atenci\u00f3n al cliente al ofrecer los mejores detalles en productos y servicios.<\/p> <\/section>    <section class=\"wp-block-hc-alternate-group-section\"> <h2 class=\"wp-block-heading\">Menores de edad<\/h2>    <p>Los servicios de apuestas de nuestra p\u00e1gina web no est\u00e1n dirigidos a los mejores de edad. Tal y como lo indica la ley de nuestro pa\u00eds ninguna persona debajo de los 18 a\u00f1os puede participar en apuestas como estas, y cualquiera que falte a esta ley ser\u00e1 multado de acuerdo a lo establecido en nuestra constituci\u00f3n.<\/p> <\/section>","protected":false},"excerpt":{"rendered":"","protected":false},"author":1,"featured_media":964,"parent":0,"menu_order":29,"comment_status":"closed","ping_status":"closed","template":"","meta":{"_acf_changed":false,"footnotes":""},"page_categories":[],"acf":[],"yoast_head":"<!-- This site is optimized with the Yoast SEO plugin v24.5 - https:\/\/yoast.com\/wordpress\/plugins\/seo\/ -->\n<title>Privacidad - Mejorcasadeapuesta Argentina<\/title>\n<meta name=\"description\" content=\"Conozca nuestros esquemas de privacidad de Mejorcasadeapuesta Argentina. Protegemos su informaci\u00f3n, consulte los detalles en esta p\u00e1gina.\" \/>\n<meta name=\"robots\" content=\"index, follow, max-snippet:-1, max-image-preview:large, max-video-preview:-1\" \/>\n<link rel=\"canonical\" href=\"https:\/\/mejorcasadeapuesta.com\/ar\/privacidad\/\" \/>\n<meta property=\"og:locale\" content=\"es_ES\" \/>\n<meta property=\"og:type\" content=\"article\" \/>\n<meta property=\"og:title\" content=\"Privacidad - Mejorcasadeapuesta Argentina\" \/>\n<meta property=\"og:description\" content=\"Conozca nuestros esquemas de privacidad de Mejorcasadeapuesta Argentina. Protegemos su informaci\u00f3n, consulte los detalles en esta p\u00e1gina.\" \/>\n<meta property=\"og:url\" content=\"https:\/\/mejorcasadeapuesta.com\/ar\/privacidad\/\" \/>\n<meta property=\"og:site_name\" content=\"ar\" \/>\n<meta property=\"article:modified_time\" content=\"2024-06-20T14:38:10+00:00\" \/>\n<meta property=\"og:image\" content=\"http:\/\/mejorcasadeapuesta.com\/ar\/wp-content\/uploads\/sites\/4\/2023\/05\/Privacidad-ES.jpg\" \/>\n\t<meta property=\"og:image:width\" content=\"1920\" \/>\n\t<meta property=\"og:image:height\" content=\"850\" \/>\n\t<meta property=\"og:image:type\" content=\"image\/jpeg\" \/>\n<meta name=\"twitter:card\" content=\"summary_large_image\" \/>\n<meta name=\"twitter:label1\" content=\"Tiempo de lectura\" \/>\n\t<meta name=\"twitter:data1\" content=\"6 minutos\" \/>\n<!-- \/ Yoast SEO plugin. -->","yoast_head_json":{"title":"Privacidad - Mejorcasadeapuesta Argentina","description":"Conozca nuestros esquemas de privacidad de Mejorcasadeapuesta Argentina. Protegemos su informaci\u00f3n, consulte los detalles en esta p\u00e1gina.","robots":{"index":"index","follow":"follow","max-snippet":"max-snippet:-1","max-image-preview":"max-image-preview:large","max-video-preview":"max-video-preview:-1"},"canonical":"https:\/\/mejorcasadeapuesta.com\/ar\/privacidad\/","og_locale":"es_ES","og_type":"article","og_title":"Privacidad - Mejorcasadeapuesta Argentina","og_description":"Conozca nuestros esquemas de privacidad de Mejorcasadeapuesta Argentina. Protegemos su informaci\u00f3n, consulte los detalles en esta p\u00e1gina.","og_url":"https:\/\/mejorcasadeapuesta.com\/ar\/privacidad\/","og_site_name":"ar","article_modified_time":"2024-06-20T14:38:10+00:00","og_image":[{"width":1920,"height":850,"url":"http:\/\/mejorcasadeapuesta.com\/ar\/wp-content\/uploads\/sites\/4\/2023\/05\/Privacidad-ES.jpg","type":"image\/jpeg"}],"twitter_card":"summary_large_image","twitter_misc":{"Tiempo de lectura":"6 minutos"},"schema":{"@context":"https:\/\/schema.org","@graph":[{"@type":"WebPage","@id":"https:\/\/mejorcasadeapuesta.com\/ar\/privacidad\/","url":"https:\/\/mejorcasadeapuesta.com\/ar\/privacidad\/","name":"Privacidad - Mejorcasadeapuesta Argentina","isPartOf":{"@id":"https:\/\/mejorcasadeapuesta.com\/ar\/#website"},"primaryImageOfPage":{"@id":"https:\/\/mejorcasadeapuesta.com\/ar\/privacidad\/#primaryimage"},"image":{"@id":"https:\/\/mejorcasadeapuesta.com\/ar\/privacidad\/#primaryimage"},"thumbnailUrl":"https:\/\/mejorcasadeapuesta.com\/ar\/wp-content\/uploads\/sites\/4\/2023\/05\/Privacidad-ES.jpg","datePublished":"2023-02-24T15:02:09+00:00","dateModified":"2024-06-20T14:38:10+00:00","description":"Conozca nuestros esquemas de privacidad de Mejorcasadeapuesta Argentina. Protegemos su informaci\u00f3n, consulte los detalles en esta p\u00e1gina.","breadcrumb":{"@id":"https:\/\/mejorcasadeapuesta.com\/ar\/privacidad\/#breadcrumb"},"inLanguage":"es-AR","potentialAction":[{"@type":"ReadAction","target":["https:\/\/mejorcasadeapuesta.com\/ar\/privacidad\/"]}]},{"@type":"ImageObject","inLanguage":"es-AR","@id":"https:\/\/mejorcasadeapuesta.com\/ar\/privacidad\/#primaryimage","url":"https:\/\/mejorcasadeapuesta.com\/ar\/wp-content\/uploads\/sites\/4\/2023\/05\/Privacidad-ES.jpg","contentUrl":"https:\/\/mejorcasadeapuesta.com\/ar\/wp-content\/uploads\/sites\/4\/2023\/05\/Privacidad-ES.jpg","width":1920,"height":850},{"@type":"BreadcrumbList","@id":"https:\/\/mejorcasadeapuesta.com\/ar\/privacidad\/#breadcrumb","itemListElement":[{"@type":"ListItem","position":1,"name":"Mejorcasadeapuesta","item":"https:\/\/mejorcasadeapuesta.com\/ar\/"},{"@type":"ListItem","position":2,"name":"Privacidad"}]},{"@type":"WebSite","@id":"https:\/\/mejorcasadeapuesta.com\/ar\/#website","url":"https:\/\/mejorcasadeapuesta.com\/ar\/","name":"ar","description":"","publisher":{"@id":"https:\/\/mejorcasadeapuesta.com\/ar\/#organization"},"potentialAction":[{"@type":"SearchAction","target":{"@type":"EntryPoint","urlTemplate":"https:\/\/mejorcasadeapuesta.com\/ar\/?s={search_term_string}"},"query-input":{"@type":"PropertyValueSpecification","valueRequired":true,"valueName":"search_term_string"}}],"inLanguage":"es-AR"},{"@type":"Organization","@id":"https:\/\/mejorcasadeapuesta.com\/ar\/#organization","name":"ar","url":"https:\/\/mejorcasadeapuesta.com\/ar\/","logo":{"@type":"ImageObject","inLanguage":"es-AR","@id":"https:\/\/mejorcasadeapuesta.com\/ar\/#\/schema\/logo\/image\/","url":"https:\/\/mejorcasadeapuesta.com\/ar\/wp-content\/uploads\/sites\/4\/2022\/12\/Mejor...-Argentina.png","contentUrl":"https:\/\/mejorcasadeapuesta.com\/ar\/wp-content\/uploads\/sites\/4\/2022\/12\/Mejor...-Argentina.png","width":250,"height":100,"caption":"ar"},"image":{"@id":"https:\/\/mejorcasadeapuesta.com\/ar\/#\/schema\/logo\/image\/"}}]}},"_links":{"self":[{"href":"https:\/\/mejorcasadeapuesta.com\/ar\/wp-json\/wp\/v2\/pages\/507"}],"collection":[{"href":"https:\/\/mejorcasadeapuesta.com\/ar\/wp-json\/wp\/v2\/pages"}],"about":[{"href":"https:\/\/mejorcasadeapuesta.com\/ar\/wp-json\/wp\/v2\/types\/page"}],"author":[{"embeddable":true,"href":"https:\/\/mejorcasadeapuesta.com\/ar\/wp-json\/wp\/v2\/users\/1"}],"replies":[{"embeddable":true,"href":"https:\/\/mejorcasadeapuesta.com\/ar\/wp-json\/wp\/v2\/comments?post=507"}],"version-history":[{"count":5,"href":"https:\/\/mejorcasadeapuesta.com\/ar\/wp-json\/wp\/v2\/pages\/507\/revisions"}],"predecessor-version":[{"id":967,"href":"https:\/\/mejorcasadeapuesta.com\/ar\/wp-json\/wp\/v2\/pages\/507\/revisions\/967"}],"wp:featuredmedia":[{"embeddable":true,"href":"https:\/\/mejorcasadeapuesta.com\/ar\/wp-json\/wp\/v2\/media\/964"}],"wp:attachment":[{"href":"https:\/\/mejorcasadeapuesta.com\/ar\/wp-json\/wp\/v2\/media?parent=507"}],"wp:term":[{"taxonomy":"page_categories","embeddable":true,"href":"https:\/\/mejorcasadeapuesta.com\/ar\/wp-json\/wp\/v2\/page_categories?post=507"}],"curies":[{"name":"wp","href":"https:\/\/api.w.org\/{rel}","templated":true}]}}