{"id":393,"date":"2023-02-24T18:05:04","date_gmt":"2023-02-24T15:05:04","guid":{"rendered":"https:\/\/mejorcasadeapuesta.com\/cl\/?page_id=393"},"modified":"2024-06-20T17:25:09","modified_gmt":"2024-06-20T14:25:09","slug":"privacidad","status":"publish","type":"page","link":"https:\/\/mejorcasadeapuesta.com\/cl\/privacidad\/","title":{"rendered":"Privacidad"},"content":{"rendered":"<section class=\"wp-block-hc-alternate-group-section\"> <h2 class=\"wp-block-heading\">Protecci\u00f3n de datos y confiabilidad&nbsp;<\/h2>    <p>Obedeciendo las regulaciones internacionales y siendo regido por lo establecido en la ley de protecci\u00f3n de datos de chile regidos por la ley N\u00b0 19.628 y su modificaci\u00f3n del art\u00edculo 19 N\u00ba4 que habla sobre el derecho fundamental de la protecci\u00f3n de datos personales, se les notifica a los clientes de Mejorcasadeapuesta.com que esta p\u00e1gina web opera con una estructura y tratamiento de datos automatizado.Dicha organizaci\u00f3n se ocupa del tratamiento de datos confidenciales y fue establecido bajo la responsabilidad de La p\u00e1gina. Esto con la finalidad de contar con sistemas de gesti\u00f3n autom\u00e1ticos de recopilaci\u00f3n y manejo de datos. El sitio Mejorcasadeapuesta.com almacenar\u00e1 solo los datos necesarios y \u00fanicamente con la aprobaci\u00f3n expl\u00edcita de los consumidores.<\/p> <\/section>    <section class=\"wp-block-hc-alternate-group-section\"> <h2 class=\"wp-block-heading\">Registro de datos en formularios y ficheros<\/h2>    <p>Un requerimiento vital para ciertos servicios establecidos en la p\u00e1gina web es realizar adecuadamente el registro en los formularios.<\/p>    <p>Rehusarse a registrar los datos personales en la web o rechazar la pol\u00edtica de privacidad inmediatamente anula la posibilidad de participar en cualquier servicio o promoci\u00f3n que requiera de lo ante estipulado.<\/p>    <p>De acuerdo con lo expuesto en el a\u00f1o 2018, en la actualizaci\u00f3n del art\u00edculo 19 N\u00b04, se les notifica a los usuarios de esta p\u00e1gina que todos sus datos personales ingresados en el sitio web ser\u00e1n agregados a un fichero a nombre de la compa\u00f1\u00eda.<\/p> <\/section>    <section class=\"wp-block-hc-alternate-group-section\"> <h2 class=\"wp-block-heading\">Veracidad y exactitud de los datos<\/h2>    <p>La fidelidad de los datos proporcionados por el usuario es responsabilidad \u00fanicamente del mismo. Esta p\u00e1gina de apuestas no asume responsabilidad por la falta de veracidad intencional en alguno de los datos, ya sea por error u omisi\u00f3n.<\/p>    <p>Los usuarios son los \u00fanicos que responden por la veracidad, precisi\u00f3n y validez, de los datos proporcionados al sistema automatizado de&nbsp;Mejorcasadeapuesta.com. La obligaci\u00f3n y responsabilidad de mantenerlos actualizados y las consecuencias de no cumplir con esto recae \u00fanicamente en ellos.<\/p>    <p>Los clientes de esta p\u00e1gina al aceptar nuestras pol\u00edticas y condiciones de privacidad aceptan proporcionar datos absolutos, \u00fatiles y ver\u00eddicos a la empresa. Est\u00e1 no responder\u00e1 por ninguna informaci\u00f3n recolectada que sea proporcionada por terceros y no por el mismo usuario.<\/p>    <p>Este sitio web no se hace responsable por da\u00f1os o perjuicios a los consumidores por informaci\u00f3n suministrada por fuentes ajenas o terceros.<\/p>    <p>Este sitio web se reserva el derecho a alterar, mover, limitar o eliminar el acceso a informaci\u00f3n dentro de su p\u00e1gina electr\u00f3nica.<\/p>    <p>De acuerdo con las reglas y normas internacionales, todo usuario tiene el derecho de transformar o revocar cualquier informaci\u00f3n proporcionada.<\/p> <\/section>    <section class=\"wp-block-hc-alternate-group-section\"> <h2 class=\"wp-block-heading\">COOKIES<\/h2>    <p>Cumpliendo con la norma internacional se le hace constar que este sitio web utiliza cookies para el almacenamiento de informaci\u00f3n.<\/p>    <section class=\"wp-block-hc-alternate-group-section\"> <h3 class=\"wp-block-heading\">\u00bfQu\u00e9 son las cookies?<\/h3>    <p>Estas son herramientas utilizadas por los servidores para guardar y rastrear la informaci\u00f3n de sus usuarios<\/p>    <p>T\u00e9cnicamente hablando entonces, es un fichero que se almacena por un tiempo estimado y que le permite saber a los proveedores de un servicio qu\u00e9 actividad se ha realizado dentro de sus servidores.<\/p>    <p>En formas generales, las cookies duran el tiempo que dures utilizando una determinada p\u00e1gina web, no obstante, en algunos sitios tienen una duraci\u00f3n de tiempo determinado.<\/p>    <p>Las cookies ayudan a las empresas y servidores a personalizar para cada usuario la informaci\u00f3n que observa en nuestras p\u00e1ginas.<\/p> <\/section>    <section class=\"wp-block-hc-alternate-group-section\"> <h3 class=\"wp-block-heading\">\u00bfCu\u00e1les cookies utilizamos en&nbsp;Mejorcasadeapuesta.com?<\/h3>    <p>Si apruebas las cookies en su totalidad, nos otorgaras tu consentimiento para utilizarlas con estos prop\u00f3sitos que como podr\u00e1s observar son para tu propia conveniencia:<\/p>    <ul> <li>Ayuda a que la p\u00e1gina web funcione de manera r\u00e1pida y adecuada.<\/li>    <li>No tendr\u00e1s necesidad de iniciar sesi\u00f3n cada vez que desees usar la p\u00e1gina.<\/li>    <li>El sitio web se mantendr\u00e1 actualizado con tus ajustes.<\/li>    <li>Nos dar\u00e1n el permiso de mostrarte videos y anuncios de tu inter\u00e9s.<\/li>    <li>Permiten que agreguemos redes sociales.<\/li>    <li>Gracias a ellas mejoramos la personalizaci\u00f3n de la p\u00e1gina.<\/li> <\/ul> <\/section>    <section class=\"wp-block-hc-alternate-group-section\"> <h3 class=\"wp-block-heading\">Queremos aclarar que jam\u00e1s usamos las cookies para:<\/h3>    <ul> <li>Utilizar cualquier informaci\u00f3n privada sin tu previo conocimiento y autorizaci\u00f3n.<\/li>    <li>Distribuir a terceros tus datos personales.<\/li> <\/ul> <\/section> <\/section>    <section class=\"wp-block-hc-alternate-group-section\"> <h2 class=\"wp-block-heading\">Derechos de acceso, rectificaci\u00f3n, cancelaci\u00f3n:<\/h2>    <p>Si deseas hacer uso del derecho a la rectificaci\u00f3n, acceso, limitaci\u00f3n, portabilidad y oposici\u00f3n puedes contactarnos al siguiente correo:&nbsp;<\/p>    <p>Al hacerlo deber\u00e1s demostrar la propiedad de la cuenta. Usualmente se solicita alg\u00fan documento de identidad con validez establecida como son el pasaporte o carnet de identidad. Al mismo tiempo tienes la posibilidad de hacer uso del derecho a la rectificaci\u00f3n o modificaci\u00f3n de tus datos desde nuestro sitio web. Solo necesitas iniciar sesi\u00f3n e identificarte y podr\u00e1s acceder a modificar tu formulario.<\/p> <\/section>    <section class=\"wp-block-hc-alternate-group-section\"> <h2 class=\"wp-block-heading\">Medidas de seguridad&nbsp;<\/h2>    <p>En Mejorcasadeapuesta.com tenemos todos los niveles de seguridad que son necesarios seg\u00fan las normativas internacionales. Al igual que estamos constantemente esforz\u00e1ndonos para actualizar y establecer nuevos medios y herramientas&nbsp;para poder asegurar la protecci\u00f3n y uso correcto de tus datos e informaci\u00f3n.<\/p>    <p>Nuestra p\u00e1gina web no toma responsabilidad sobre los da\u00f1os o perjuicios ocasionados a causa de situaciones fuera de nuestro control. Las exclusiones de informaci\u00f3n, virus electr\u00f3nicos o robos de cualquier dato de acceso como la contrase\u00f1a pueden acabar en restricciones del uso de la p\u00e1gina y hasta bloqueo a la misma. Es el cliente el responsable de cuidar y mantener sus datos seguros.<\/p> <\/section>    <section class=\"wp-block-hc-alternate-group-section\"> <h2 class=\"wp-block-heading\">Aceptaci\u00f3n y conocimiento de los t\u00e9rminos<\/h2>    <p>En el momento que el usuario acepta y confirma su conocimiento de los t\u00e9rminos y condiciones, este <b>afirma estar informado sobre cada una de las medidas de seguridad de nuestra p\u00e1gina<\/b>, al igual que de las condiciones, m\u00e9todos de protecci\u00f3n y utilizaci\u00f3n los datos suministrados a La p\u00e1gina.<\/p>    <p>La informaci\u00f3n ser\u00e1 utilizada solo bajo lo expuesto previamente en esta secci\u00f3n.<\/p>    <p>Ciertos servicios podr\u00edan llegar a requerir otras condiciones de seguridad y control de datos, si se da el caso planteado se le informar\u00e1 a usted antes de realizar cualquier acto&nbsp;Mejorcasadeapuesta.com puede utilizarse sin tener que ingresar informaci\u00f3n personal, la susodicha ser\u00e1 solicitada cuando usted como usuario solicite informaci\u00f3n espec\u00edfica que necesite de iniciar sesi\u00f3n.<\/p> <\/section>    <section class=\"wp-block-hc-alternate-group-section\"> <h2 class=\"wp-block-heading\">Finalidades<\/h2>    <p>Los datos personales solicitados ser\u00e1n utilizados solamente con la finalidad de realizar la excelente gesti\u00f3n de servicio al cliente, dado que conocer mejor a nuestros consumidores nos otorga la oportunidad de ofrecerles los mejores servicios y productos.<\/p> <\/section>    <section class=\"wp-block-hc-alternate-group-section\"> <h2 class=\"wp-block-heading\">Menores de edad<\/h2>    <p>Tal y como lo indica el art\u00edculo n\u00famero 9 de la ley N\u00b0 19.995 de casinos en nuestro pa\u00eds, est\u00e1 estrictamente prohibido la acci\u00f3n de apostar para cualquier persona menor de 18 a\u00f1os. Por lo cual no se les otorga el acceso a los servicios de nuestra p\u00e1gina web a menores de edad sin excepciones.<\/p> <\/section>","protected":false},"excerpt":{"rendered":"","protected":false},"author":1,"featured_media":730,"parent":0,"menu_order":39,"comment_status":"closed","ping_status":"closed","template":"","meta":{"_acf_changed":false,"footnotes":""},"page_categories":[],"acf":[],"yoast_head":"<!-- This site is optimized with the Yoast SEO plugin v24.5 - https:\/\/yoast.com\/wordpress\/plugins\/seo\/ -->\n<title>Privacidad - Mejorcasadeapuesta Chile<\/title>\n<meta name=\"description\" content=\"Conozca nuestros esquemas de privacidad de Mejorcasadeapuesta Chile. Protegemos su informaci\u00f3n, consulte los detalles en esta p\u00e1gina.\" \/>\n<meta name=\"robots\" content=\"index, follow, max-snippet:-1, max-image-preview:large, max-video-preview:-1\" \/>\n<link rel=\"canonical\" href=\"https:\/\/mejorcasadeapuesta.com\/cl\/privacidad\/\" \/>\n<meta property=\"og:locale\" content=\"es_ES\" \/>\n<meta property=\"og:type\" content=\"article\" \/>\n<meta property=\"og:title\" content=\"Privacidad - Mejorcasadeapuesta Chile\" \/>\n<meta property=\"og:description\" content=\"Conozca nuestros esquemas de privacidad de Mejorcasadeapuesta Chile. Protegemos su informaci\u00f3n, consulte los detalles en esta p\u00e1gina.\" \/>\n<meta property=\"og:url\" content=\"https:\/\/mejorcasadeapuesta.com\/cl\/privacidad\/\" \/>\n<meta property=\"og:site_name\" content=\"cl\" \/>\n<meta property=\"article:modified_time\" content=\"2024-06-20T14:25:09+00:00\" \/>\n<meta property=\"og:image\" content=\"http:\/\/mejorcasadeapuesta.com\/cl\/wp-content\/uploads\/sites\/5\/2023\/05\/Privacidad-ES.jpg\" \/>\n\t<meta property=\"og:image:width\" content=\"1920\" \/>\n\t<meta property=\"og:image:height\" content=\"850\" \/>\n\t<meta property=\"og:image:type\" content=\"image\/jpeg\" \/>\n<meta name=\"twitter:card\" content=\"summary_large_image\" \/>\n<meta name=\"twitter:label1\" content=\"Tiempo estimado de lectura\" \/>\n\t<meta name=\"twitter:data1\" content=\"6 minutos\" \/>\n<!-- \/ Yoast SEO plugin. -->","yoast_head_json":{"title":"Privacidad - Mejorcasadeapuesta Chile","description":"Conozca nuestros esquemas de privacidad de Mejorcasadeapuesta Chile. Protegemos su informaci\u00f3n, consulte los detalles en esta p\u00e1gina.","robots":{"index":"index","follow":"follow","max-snippet":"max-snippet:-1","max-image-preview":"max-image-preview:large","max-video-preview":"max-video-preview:-1"},"canonical":"https:\/\/mejorcasadeapuesta.com\/cl\/privacidad\/","og_locale":"es_ES","og_type":"article","og_title":"Privacidad - Mejorcasadeapuesta Chile","og_description":"Conozca nuestros esquemas de privacidad de Mejorcasadeapuesta Chile. Protegemos su informaci\u00f3n, consulte los detalles en esta p\u00e1gina.","og_url":"https:\/\/mejorcasadeapuesta.com\/cl\/privacidad\/","og_site_name":"cl","article_modified_time":"2024-06-20T14:25:09+00:00","og_image":[{"width":1920,"height":850,"url":"http:\/\/mejorcasadeapuesta.com\/cl\/wp-content\/uploads\/sites\/5\/2023\/05\/Privacidad-ES.jpg","type":"image\/jpeg"}],"twitter_card":"summary_large_image","twitter_misc":{"Tiempo estimado de lectura":"6 minutos"},"schema":{"@context":"https:\/\/schema.org","@graph":[{"@type":"WebPage","@id":"https:\/\/mejorcasadeapuesta.com\/cl\/privacidad\/","url":"https:\/\/mejorcasadeapuesta.com\/cl\/privacidad\/","name":"Privacidad - Mejorcasadeapuesta Chile","isPartOf":{"@id":"https:\/\/mejorcasadeapuesta.com\/cl\/#website"},"primaryImageOfPage":{"@id":"https:\/\/mejorcasadeapuesta.com\/cl\/privacidad\/#primaryimage"},"image":{"@id":"https:\/\/mejorcasadeapuesta.com\/cl\/privacidad\/#primaryimage"},"thumbnailUrl":"https:\/\/mejorcasadeapuesta.com\/cl\/wp-content\/uploads\/sites\/5\/2023\/05\/Privacidad-ES.jpg","datePublished":"2023-02-24T15:05:04+00:00","dateModified":"2024-06-20T14:25:09+00:00","description":"Conozca nuestros esquemas de privacidad de Mejorcasadeapuesta Chile. Protegemos su informaci\u00f3n, consulte los detalles en esta p\u00e1gina.","breadcrumb":{"@id":"https:\/\/mejorcasadeapuesta.com\/cl\/privacidad\/#breadcrumb"},"inLanguage":"es-CL","potentialAction":[{"@type":"ReadAction","target":["https:\/\/mejorcasadeapuesta.com\/cl\/privacidad\/"]}]},{"@type":"ImageObject","inLanguage":"es-CL","@id":"https:\/\/mejorcasadeapuesta.com\/cl\/privacidad\/#primaryimage","url":"https:\/\/mejorcasadeapuesta.com\/cl\/wp-content\/uploads\/sites\/5\/2023\/05\/Privacidad-ES.jpg","contentUrl":"https:\/\/mejorcasadeapuesta.com\/cl\/wp-content\/uploads\/sites\/5\/2023\/05\/Privacidad-ES.jpg","width":1920,"height":850},{"@type":"BreadcrumbList","@id":"https:\/\/mejorcasadeapuesta.com\/cl\/privacidad\/#breadcrumb","itemListElement":[{"@type":"ListItem","position":1,"name":"Mejorcasadeapuesta","item":"https:\/\/mejorcasadeapuesta.com\/cl\/"},{"@type":"ListItem","position":2,"name":"Privacidad"}]},{"@type":"WebSite","@id":"https:\/\/mejorcasadeapuesta.com\/cl\/#website","url":"https:\/\/mejorcasadeapuesta.com\/cl\/","name":"cl","description":"","publisher":{"@id":"https:\/\/mejorcasadeapuesta.com\/cl\/#organization"},"potentialAction":[{"@type":"SearchAction","target":{"@type":"EntryPoint","urlTemplate":"https:\/\/mejorcasadeapuesta.com\/cl\/?s={search_term_string}"},"query-input":{"@type":"PropertyValueSpecification","valueRequired":true,"valueName":"search_term_string"}}],"inLanguage":"es-CL"},{"@type":"Organization","@id":"https:\/\/mejorcasadeapuesta.com\/cl\/#organization","name":"cl","url":"https:\/\/mejorcasadeapuesta.com\/cl\/","logo":{"@type":"ImageObject","inLanguage":"es-CL","@id":"https:\/\/mejorcasadeapuesta.com\/cl\/#\/schema\/logo\/image\/","url":"https:\/\/mejorcasadeapuesta.com\/cl\/wp-content\/uploads\/sites\/5\/2022\/12\/Mejor...-Chile.png","contentUrl":"https:\/\/mejorcasadeapuesta.com\/cl\/wp-content\/uploads\/sites\/5\/2022\/12\/Mejor...-Chile.png","width":250,"height":100,"caption":"cl"},"image":{"@id":"https:\/\/mejorcasadeapuesta.com\/cl\/#\/schema\/logo\/image\/"}}]}},"_links":{"self":[{"href":"https:\/\/mejorcasadeapuesta.com\/cl\/wp-json\/wp\/v2\/pages\/393"}],"collection":[{"href":"https:\/\/mejorcasadeapuesta.com\/cl\/wp-json\/wp\/v2\/pages"}],"about":[{"href":"https:\/\/mejorcasadeapuesta.com\/cl\/wp-json\/wp\/v2\/types\/page"}],"author":[{"embeddable":true,"href":"https:\/\/mejorcasadeapuesta.com\/cl\/wp-json\/wp\/v2\/users\/1"}],"replies":[{"embeddable":true,"href":"https:\/\/mejorcasadeapuesta.com\/cl\/wp-json\/wp\/v2\/comments?post=393"}],"version-history":[{"count":5,"href":"https:\/\/mejorcasadeapuesta.com\/cl\/wp-json\/wp\/v2\/pages\/393\/revisions"}],"predecessor-version":[{"id":733,"href":"https:\/\/mejorcasadeapuesta.com\/cl\/wp-json\/wp\/v2\/pages\/393\/revisions\/733"}],"wp:featuredmedia":[{"embeddable":true,"href":"https:\/\/mejorcasadeapuesta.com\/cl\/wp-json\/wp\/v2\/media\/730"}],"wp:attachment":[{"href":"https:\/\/mejorcasadeapuesta.com\/cl\/wp-json\/wp\/v2\/media?parent=393"}],"wp:term":[{"taxonomy":"page_categories","embeddable":true,"href":"https:\/\/mejorcasadeapuesta.com\/cl\/wp-json\/wp\/v2\/page_categories?post=393"}],"curies":[{"name":"wp","href":"https:\/\/api.w.org\/{rel}","templated":true}]}}