{"id":443,"date":"2023-02-24T18:08:20","date_gmt":"2023-02-24T15:08:20","guid":{"rendered":"https:\/\/mejorcasadeapuesta.com\/ec\/?page_id=443"},"modified":"2024-06-20T16:22:22","modified_gmt":"2024-06-20T13:22:22","slug":"privacidad","status":"publish","type":"page","link":"https:\/\/mejorcasadeapuesta.com\/ec\/privacidad\/","title":{"rendered":"Privacidad"},"content":{"rendered":"<section class=\"wp-block-hc-alternate-group-section\"> <h2 class=\"wp-block-heading\">Sobre los datos y la privacidad<\/h2>    <p>La plataforma Mejorcasadeapuesta.com, establece su pol\u00edtica de privacidad de acuerdo a lo estipulado en el art\u00edculo 66 de la Constituci\u00f3n de la Rep\u00fablica Ecuatoriana, el cual difiere sobre el derecho del usuario al acceso y la decisi\u00f3n sobre la informaci\u00f3n de datos personales.&nbsp;<\/p>    <p>El mecanismo de resguardo en la privacidad ser\u00e1 responsabilidad \u00fanica de nuestra plataforma, teniendo una gesti\u00f3n automatizada para conservar el orden y el cumplimiento de la misma. Tal cual lo describe la constituci\u00f3n, los datos de los cuales tenemos acceso, ser\u00e1n previamente supervisados y facilitados por el usuario mismo.<\/p> <\/section>    <section class=\"wp-block-hc-alternate-group-section\"> <h2 class=\"wp-block-heading\">Sobre el registro de los datos, formularios y ficheros<\/h2>    <p>Para poder usar nuestro servicio de forma completa, el usuario deber\u00e1 realizar correctamente el proceso de registro y env\u00edo del formulario.<\/p>    <p>No existe manera de acceder a promociones, ofertas, apuestas, sin antes haberse registrado. Si el jugador se niega a cumplir con este paso, no ser\u00e1 posible obtener estos beneficios.&nbsp;<\/p>    <p>Es necesario procesar estos datos suministrados en un fichero, s\u00f3lo as\u00ed, se cumplir\u00e1 con lo establecido en el art\u00edculo 66 de la Constituci\u00f3n Ecuatoriana y proteger los datos del usuario.<\/p> <\/section>    <section class=\"wp-block-hc-alternate-group-section\"> <h2 class=\"wp-block-heading\">Sobre la exactitud de la informaci\u00f3n suministrada<\/h2>    <p>Toda informaci\u00f3n proporcionada por el usuario, ser\u00e1 responsabilidad del mismo. As\u00ed, cualquier error de formato dentro de estos formularios, nuestra p\u00e1gina no se har\u00e1 cargo.&nbsp;<\/p>    <p>Los usuarios podr\u00e1n actualizar y modificar sus datos seg\u00fan su conveniencia. Queda de su parte mantener la vigencia de esa informaci\u00f3n, en caso de no ser as\u00ed, ellos mismos deber\u00e1n responsabilizarse de las consecuencias.&nbsp;<\/p>    <p>Toda informaci\u00f3n personal, debe recaer en el usuario cuya identificaci\u00f3n aparece en el formulario. No nos hacemos responsables por cualquier desinformaci\u00f3n ingresada por terceros.&nbsp;<\/p>    <p>Mejorcasadeapuesta.com tampoco se har\u00e1 cargo de el mal uso de la informaci\u00f3n suministrada en nuestra base de datos ni los perjuicios que esto pueda ocasionar.<\/p>    <p>Mejorcasadeapuesta.com puede modificar, eliminar, restringir, cambiar, deshabilitar o limitar el acceso a los datos e informaci\u00f3n encontrada dentro de nuestra red.&nbsp;<\/p>    <p>Siguiendo todas las leyes que compete al estado, la plataforma brindar\u00e1 la oportunidad a los usuarios de cambiar o eliminar cualquier informaci\u00f3n proporcionada.<\/p> <\/section>    <section class=\"wp-block-hc-alternate-group-section\"> <h2 class=\"wp-block-heading\">Sobre Cookies<\/h2>    <p>Es importante que todos los usuarios sepan que esta plataforma utiliza cookies para resguardar informaci\u00f3n personal.<\/p>    <section class=\"wp-block-hc-alternate-group-section\"> <h3 class=\"wp-block-heading\">\u00bfQu\u00e9 son las cookies?<\/h3>    <p>Una cookie puede considerarse como una herramienta de resguardo de informaci\u00f3n. La misma, posibilita el rastreo y seguimiento de los datos personales de cada usuario.<\/p>    <p>El tiempo de acceso que tendr\u00e1 sobre tus datos, depender\u00e1 de la trayectoria dentro de la plataforma. Adem\u00e1s, este, seguir\u00e1 tus movimientos e historial de actividades.&nbsp;<\/p>    <p>Aceptar una cookie, no es para siempre, este proceso solamente durar\u00e1 mientras te encuentres inmerso en la p\u00e1gina, en todo caso, fuera de ella, el servidor mantendr\u00e1 guardada tu informaci\u00f3n s\u00f3lo por un tiempo.&nbsp;<\/p>    <p>Tambi\u00e9n, aceptar las cookies, le permitir\u00e1n a la p\u00e1gina poder personalizar toda la informaci\u00f3n que encuentres dentro de ella.<\/p> <\/section>    <section class=\"wp-block-hc-alternate-group-section\"> <h3 class=\"wp-block-heading\">\u00bfQu\u00e9 clase de cookie es utilizada en Mejorcasadeapuesta.com?<\/h3>    <p>Reg\u00edstrate y acepta las cookies para que la p\u00e1gina tenga acceso a cierta informaci\u00f3n y pueda brindarte las siguientes caracter\u00edsticas.&nbsp;<\/p>    <ul> <li>Un funcionamiento \u00f3ptimo por parte de la plataforma.&nbsp;<\/li>    <li>Guardar tus datos de inicio de sesi\u00f3n para evitar este proceso.&nbsp;<\/li>    <li>Actualizar la web dependiendo de los ajustes que tengas.&nbsp;<\/li>    <li>Administrar videos para ti.&nbsp;<\/li>    <li>Facilitar la rapidez de nuestra p\u00e1gina web.&nbsp;<\/li>    <li>Nos dar\u00e1 acceso a suministrar otras p\u00e1ginas web y redes sociales.&nbsp;<\/li>    <li>Podemos personalizar la vista de Mejorcasadeapuesta.com.,&nbsp;<\/li>    <li>Aplicaremos anuncios personalizados.<\/li> <\/ul> <\/section>    <section class=\"wp-block-hc-alternate-group-section\"> <h3 class=\"wp-block-heading\">Por lo contrario, NO usamos cookies para:<\/h3>    <ul> <li>Tomar informaci\u00f3n sin autorizaci\u00f3n de tu perfil personal.<\/li>    <li>Compartir tus datos personales e informaci\u00f3n privada.<\/li> <\/ul> <\/section> <\/section>    <section class=\"wp-block-hc-alternate-group-section\"> <h2 class=\"wp-block-heading\">Sobre los derechos de acceso en la plataforma<\/h2>    <p>Comun\u00edcate con el staff de soporte para solicitar modificaciones o verificaci\u00f3n en los datos proporcionados.<\/p>    <p>Para completar tu registro, deber\u00e1s realizar de forma satisfactoria el proceso de verificaci\u00f3n. Para esto, es necesario suministrar alg\u00fan comprobante de identidad como la c\u00e9dula o tu pasaporte vigente. Tendr\u00e1s derecho a modificar cada uno de los datos desde la web, dentro de tu perfil privado.<\/p> <\/section>    <section class=\"wp-block-hc-alternate-group-section\"> <h2 class=\"wp-block-heading\">Sobre la seguridad empleada<\/h2>    <p>Este sitio web contiene todos los medios y herramientas de seguridad que el usuario requiere y necesita. Adem\u00e1s, contamos con distintas actualizaciones en los servidores, proporcionando nuevas tecnolog\u00edas y forma de resguardar tus datos.&nbsp;<\/p>    <p>Cualquier exposici\u00f3n riesgosa de parte del usuario, sale de nuestro alcance. No nos hacemos responsables por situaciones como p\u00e9rdida de datos, virus telef\u00f3nicos, robo de datos, etc. De ser as\u00ed, el sistema arrojar\u00e1 una sanci\u00f3n autom\u00e1tica que puede significar el bloqueo de la cuenta.<\/p> <\/section>    <section class=\"wp-block-hc-alternate-group-section\"> <h2 class=\"wp-block-heading\">Sobre el consentimiento del usuario<\/h2>    <p>Cuando el usuario haya le\u00eddo, comprendido y aceptado nuestras pol\u00edticas, significa que estar\u00e1 de acuerdo con nuestra manera de proceder, resguardar la informaci\u00f3n y ofrecer los servicios.<\/p>    <p>Los datos del usuario se tomar\u00e1n en cuenta solamente con lo estipulado en este comunicado.&nbsp;<\/p>    <p>Los servicios especiales pueden estar sometidos a variaciones y cambios de pol\u00edticas. De ser as\u00ed, Mejorcasadeapuesta.com.com te lo har\u00e1 saber con brevedad.&nbsp;<\/p>    <p>Para tener una vista previa de esta plataforma, no es necesario que completes un registro ni suministres datos personales. Los datos ser\u00e1n solicitados solamente cuando as\u00ed se requiera.<\/p> <\/section>    <section class=\"wp-block-hc-alternate-group-section\"> <h2 class=\"wp-block-heading\">Sobre el fin de esta pol\u00edtica<\/h2>    <p>La \u00fanica y leg\u00edtima raz\u00f3n por la cual se le solicita el acceso a sus datos personales, es para el bienestar y mejora de nuestra plataforma. Al conocer al usuario, podemos tambi\u00e9n reconocer sus intereses.<\/p> <\/section>    <section class=\"wp-block-hc-alternate-group-section\"> <h2 class=\"wp-block-heading\">Sobre los menores de edad en la plataforma<\/h2>    <p>Haciendo cumplimiento con nuestras pol\u00edticas morales y del estado, no permitimos el acceso a menores de edad en nuestros servidores. Si el usuario irrespeta esas leyes, podr\u00e1 ser sometido a consecuencias legales.<\/p> <\/section>","protected":false},"excerpt":{"rendered":"","protected":false},"author":1,"featured_media":587,"parent":0,"menu_order":17,"comment_status":"closed","ping_status":"closed","template":"","meta":{"_acf_changed":false,"footnotes":""},"page_categories":[],"acf":[],"yoast_head":"<!-- This site is optimized with the Yoast SEO plugin v24.5 - https:\/\/yoast.com\/wordpress\/plugins\/seo\/ -->\n<title>Privacidad - Mejorcasadeapuesta Ecuador<\/title>\n<meta name=\"description\" content=\"Conozca nuestros esquemas de privacidad de Mejorcasadeapuesta Ecuador. Protegemos su informaci\u00f3n, consulte los detalles en esta p\u00e1gina.\" \/>\n<meta name=\"robots\" content=\"index, follow, max-snippet:-1, max-image-preview:large, max-video-preview:-1\" \/>\n<link rel=\"canonical\" href=\"https:\/\/mejorcasadeapuesta.com\/ec\/privacidad\/\" \/>\n<meta property=\"og:locale\" content=\"es_ES\" \/>\n<meta property=\"og:type\" content=\"article\" \/>\n<meta property=\"og:title\" content=\"Privacidad - Mejorcasadeapuesta Ecuador\" \/>\n<meta property=\"og:description\" content=\"Conozca nuestros esquemas de privacidad de Mejorcasadeapuesta Ecuador. Protegemos su informaci\u00f3n, consulte los detalles en esta p\u00e1gina.\" \/>\n<meta property=\"og:url\" content=\"https:\/\/mejorcasadeapuesta.com\/ec\/privacidad\/\" \/>\n<meta property=\"og:site_name\" content=\"ec\" \/>\n<meta property=\"article:modified_time\" content=\"2024-06-20T13:22:22+00:00\" \/>\n<meta property=\"og:image\" content=\"http:\/\/mejorcasadeapuesta.com\/ec\/wp-content\/uploads\/sites\/7\/2023\/05\/Privacidad-ES.jpg\" \/>\n\t<meta property=\"og:image:width\" content=\"1920\" \/>\n\t<meta property=\"og:image:height\" content=\"850\" \/>\n\t<meta property=\"og:image:type\" content=\"image\/jpeg\" \/>\n<meta name=\"twitter:card\" content=\"summary_large_image\" \/>\n<meta name=\"twitter:label1\" content=\"Tiempo de lectura\" \/>\n\t<meta name=\"twitter:data1\" content=\"5 minutos\" \/>\n<!-- \/ Yoast SEO plugin. -->","yoast_head_json":{"title":"Privacidad - Mejorcasadeapuesta Ecuador","description":"Conozca nuestros esquemas de privacidad de Mejorcasadeapuesta Ecuador. Protegemos su informaci\u00f3n, consulte los detalles en esta p\u00e1gina.","robots":{"index":"index","follow":"follow","max-snippet":"max-snippet:-1","max-image-preview":"max-image-preview:large","max-video-preview":"max-video-preview:-1"},"canonical":"https:\/\/mejorcasadeapuesta.com\/ec\/privacidad\/","og_locale":"es_ES","og_type":"article","og_title":"Privacidad - Mejorcasadeapuesta Ecuador","og_description":"Conozca nuestros esquemas de privacidad de Mejorcasadeapuesta Ecuador. Protegemos su informaci\u00f3n, consulte los detalles en esta p\u00e1gina.","og_url":"https:\/\/mejorcasadeapuesta.com\/ec\/privacidad\/","og_site_name":"ec","article_modified_time":"2024-06-20T13:22:22+00:00","og_image":[{"width":1920,"height":850,"url":"http:\/\/mejorcasadeapuesta.com\/ec\/wp-content\/uploads\/sites\/7\/2023\/05\/Privacidad-ES.jpg","type":"image\/jpeg"}],"twitter_card":"summary_large_image","twitter_misc":{"Tiempo de lectura":"5 minutos"},"schema":{"@context":"https:\/\/schema.org","@graph":[{"@type":"WebPage","@id":"https:\/\/mejorcasadeapuesta.com\/ec\/privacidad\/","url":"https:\/\/mejorcasadeapuesta.com\/ec\/privacidad\/","name":"Privacidad - Mejorcasadeapuesta Ecuador","isPartOf":{"@id":"https:\/\/mejorcasadeapuesta.com\/ec\/#website"},"primaryImageOfPage":{"@id":"https:\/\/mejorcasadeapuesta.com\/ec\/privacidad\/#primaryimage"},"image":{"@id":"https:\/\/mejorcasadeapuesta.com\/ec\/privacidad\/#primaryimage"},"thumbnailUrl":"https:\/\/mejorcasadeapuesta.com\/ec\/wp-content\/uploads\/sites\/7\/2023\/05\/Privacidad-ES.jpg","datePublished":"2023-02-24T15:08:20+00:00","dateModified":"2024-06-20T13:22:22+00:00","description":"Conozca nuestros esquemas de privacidad de Mejorcasadeapuesta Ecuador. Protegemos su informaci\u00f3n, consulte los detalles en esta p\u00e1gina.","breadcrumb":{"@id":"https:\/\/mejorcasadeapuesta.com\/ec\/privacidad\/#breadcrumb"},"inLanguage":"es","potentialAction":[{"@type":"ReadAction","target":["https:\/\/mejorcasadeapuesta.com\/ec\/privacidad\/"]}]},{"@type":"ImageObject","inLanguage":"es","@id":"https:\/\/mejorcasadeapuesta.com\/ec\/privacidad\/#primaryimage","url":"https:\/\/mejorcasadeapuesta.com\/ec\/wp-content\/uploads\/sites\/7\/2023\/05\/Privacidad-ES.jpg","contentUrl":"https:\/\/mejorcasadeapuesta.com\/ec\/wp-content\/uploads\/sites\/7\/2023\/05\/Privacidad-ES.jpg","width":1920,"height":850},{"@type":"BreadcrumbList","@id":"https:\/\/mejorcasadeapuesta.com\/ec\/privacidad\/#breadcrumb","itemListElement":[{"@type":"ListItem","position":1,"name":"Mejorcasadeapuesta","item":"https:\/\/mejorcasadeapuesta.com\/ec\/"},{"@type":"ListItem","position":2,"name":"Privacidad"}]},{"@type":"WebSite","@id":"https:\/\/mejorcasadeapuesta.com\/ec\/#website","url":"https:\/\/mejorcasadeapuesta.com\/ec\/","name":"ec","description":"","publisher":{"@id":"https:\/\/mejorcasadeapuesta.com\/ec\/#organization"},"potentialAction":[{"@type":"SearchAction","target":{"@type":"EntryPoint","urlTemplate":"https:\/\/mejorcasadeapuesta.com\/ec\/?s={search_term_string}"},"query-input":{"@type":"PropertyValueSpecification","valueRequired":true,"valueName":"search_term_string"}}],"inLanguage":"es"},{"@type":"Organization","@id":"https:\/\/mejorcasadeapuesta.com\/ec\/#organization","name":"ec","url":"https:\/\/mejorcasadeapuesta.com\/ec\/","logo":{"@type":"ImageObject","inLanguage":"es","@id":"https:\/\/mejorcasadeapuesta.com\/ec\/#\/schema\/logo\/image\/","url":"https:\/\/mejorcasadeapuesta.com\/ec\/wp-content\/uploads\/sites\/7\/2022\/12\/Mejor...-Ecuador.png","contentUrl":"https:\/\/mejorcasadeapuesta.com\/ec\/wp-content\/uploads\/sites\/7\/2022\/12\/Mejor...-Ecuador.png","width":250,"height":100,"caption":"ec"},"image":{"@id":"https:\/\/mejorcasadeapuesta.com\/ec\/#\/schema\/logo\/image\/"}}]}},"_links":{"self":[{"href":"https:\/\/mejorcasadeapuesta.com\/ec\/wp-json\/wp\/v2\/pages\/443"}],"collection":[{"href":"https:\/\/mejorcasadeapuesta.com\/ec\/wp-json\/wp\/v2\/pages"}],"about":[{"href":"https:\/\/mejorcasadeapuesta.com\/ec\/wp-json\/wp\/v2\/types\/page"}],"author":[{"embeddable":true,"href":"https:\/\/mejorcasadeapuesta.com\/ec\/wp-json\/wp\/v2\/users\/1"}],"replies":[{"embeddable":true,"href":"https:\/\/mejorcasadeapuesta.com\/ec\/wp-json\/wp\/v2\/comments?post=443"}],"version-history":[{"count":3,"href":"https:\/\/mejorcasadeapuesta.com\/ec\/wp-json\/wp\/v2\/pages\/443\/revisions"}],"predecessor-version":[{"id":590,"href":"https:\/\/mejorcasadeapuesta.com\/ec\/wp-json\/wp\/v2\/pages\/443\/revisions\/590"}],"wp:featuredmedia":[{"embeddable":true,"href":"https:\/\/mejorcasadeapuesta.com\/ec\/wp-json\/wp\/v2\/media\/587"}],"wp:attachment":[{"href":"https:\/\/mejorcasadeapuesta.com\/ec\/wp-json\/wp\/v2\/media?parent=443"}],"wp:term":[{"taxonomy":"page_categories","embeddable":true,"href":"https:\/\/mejorcasadeapuesta.com\/ec\/wp-json\/wp\/v2\/page_categories?post=443"}],"curies":[{"name":"wp","href":"https:\/\/api.w.org\/{rel}","templated":true}]}}