{"id":370,"date":"2023-02-24T18:00:13","date_gmt":"2023-02-24T15:00:13","guid":{"rendered":"https:\/\/mejorcasadeapuesta.com\/es\/?page_id=370"},"modified":"2024-06-20T16:51:15","modified_gmt":"2024-06-20T13:51:15","slug":"privacidad","status":"publish","type":"page","link":"https:\/\/mejorcasadeapuesta.com\/es\/privacidad\/","title":{"rendered":"Privacidad"},"content":{"rendered":"<section class=\"wp-block-hc-alternate-group-section\"> <h2 class=\"wp-block-heading\">Resguardo de la informaci\u00f3n confidencial<\/h2>    <p>La presente plataforma cumple con las normas y leyes establecidas con la Ley Org\u00e1nica de Protecci\u00f3n de Datos Personales de Espa\u00f1a (7\/2021 26 de mayo), por lo que, es necesario informar que, para su buena ejecuci\u00f3n, la p\u00e1gina usa un sistema automatizado de recolecci\u00f3n de datos.&nbsp;<\/p>    <p>La protecci\u00f3n de informaci\u00f3n suscitada en los formularios, es responsabilidad de la p\u00e1gina Mejorcasadeapuesta.com. Se hace uso de un sistema autom\u00e1tico para conservar una buena gesti\u00f3n del servicio otorgado.<\/p> <\/section>    <section class=\"wp-block-hc-alternate-group-section\"> <h2 class=\"wp-block-heading\">El registro de informaci\u00f3n personal en formularios<\/h2>    <p>Es necesario ingresar datos personales dentro de los formularios para poder disfrutar de la mayor\u00eda de servicios ofrecidos por Mejorcasadeapuesta.com.&nbsp;<\/p>    <p>En caso de que el usuario no proporcione sus datos, se hace imposible que pueda tener acceso a ciertas actividades y beneficios que establece la p\u00e1gina.&nbsp;<\/p>    <p>Toda la informaci\u00f3n suministrada por el usuario, ser\u00e1 guardada posteriormente dentro de un archivo con el nombre de nuestra empresa.<\/p> <\/section>    <section class=\"wp-block-hc-alternate-group-section\"> <h2 class=\"wp-block-heading\">La validez de los datos proporcionados<\/h2>    <p>El nivel de veracidad en la informaci\u00f3n registrada, es responsabilidad del usuario, solo de \u00e9l. Esta plataforma no toma ning\u00fan cargo sobre datos mal escritos o no vigentes dentro de los ficheros.&nbsp;<\/p>    <p>En cuanto a su vigencia, los usuarios tendr\u00e1n el derecho de modificar toda informaci\u00f3n antigua para as\u00ed, actualizar el sistema y continuar con su cuenta de manera normal. Si el cliente no actualiza sus datos, ser\u00e1 \u00e9l quien deber\u00e1 aceptar las consecuencias.&nbsp;<\/p>    <p>Queda de parte del usuario que sea \u00e9l quien haya proporcionado los datos. Esto est\u00e1 incluido en los t\u00e9rminos y condiciones de la plataforma. No nos hacemos responsables de datos suministrados por terceros.&nbsp;<\/p>    <p>Queda fuera de nuestras manos cualquier da\u00f1o perjudicial a causa de la informaci\u00f3n suministrada.&nbsp;<\/p>    <p>Este sitio web tiene derecho sobre la modificaci\u00f3n, eliminaci\u00f3n, omisi\u00f3n, limitaci\u00f3n de informaci\u00f3n a los usuarios dentro de la p\u00e1gina.&nbsp;<\/p>    <p>El usuario podr\u00e1 modificar o eliminar los datos establecidos por \u00e9l dentro de la plataforma.<\/p> <\/section>    <section class=\"wp-block-hc-alternate-group-section\"> <h2 class=\"wp-block-heading\">Las Cookies<\/h2>    <p>Mejorcasadeapuesta.com, hace uso de cookies dentro de su sistema. Por lo que se le informa al usuario de esta actividad antes de proseguir.<\/p>    <section class=\"wp-block-hc-alternate-group-section\"> <h3 class=\"wp-block-heading\">\u00bfQu\u00e9 significa el uso de cookies?<\/h3>    <p>Usar cookies en un sistema significa hacerle uso a una herramienta de seguimiento en informaci\u00f3n. Al aceptar el uso de las mismas, tambi\u00e9n estar\u00e1 de acuerdo que la plataforma tenga acceso a su historial de movimientos en la p\u00e1gina.&nbsp;<\/p>    <p>Esta permisi\u00f3n durar\u00e1 por un tiempo estipulado. Puede estar almacenado mientras el usuario hace uso de la plataforma o, en caso de que ya no est\u00e9 en ella, puede resguardar esa informaci\u00f3n por un tiempo determinado.&nbsp;<\/p>    <p>Adem\u00e1s, todo uso de cookies en Mejorcasadeapuesta.com, significa una mejor gesti\u00f3n y servicio. Nos puede ayudar a personalizar lo que encuentres en ella.<\/p> <\/section>    <section class=\"wp-block-hc-alternate-group-section\"> <h3 class=\"wp-block-heading\">\u00bfQu\u00e9 clase de cookies usamos?<\/h3>    <p>Una vez est\u00e9s de acuerdo con todas las cookies del sitio, estar\u00e1s facilitando acceso a informaci\u00f3n para que esta red pueda\u2026<\/p>    <ul> <li>Establecer un mejor funcionamiento de la plataforma.&nbsp;<\/li>    <li>Guardar los datos de inicio de sesi\u00f3n para no volver a usarlos en la pr\u00f3xima actividad.&nbsp;<\/li>    <li>Facilitar las actualizaciones dentro de la web.&nbsp;<\/li>    <li>Enviarte videos.&nbsp;<\/li>    <li>Tener una plataforma con m\u00e1s rapidez.<\/li>    <li>Tener mayor facilidad para incorporar redes sociales.&nbsp;<\/li>    <li>Personalizar la informaci\u00f3n que el usuario encuentre en la p\u00e1gina.&nbsp;<\/li>    <li>Brindar anuncios acordes con el historial de b\u00fasqueda del usuario.<\/li> <\/ul> <\/section>    <section class=\"wp-block-hc-alternate-group-section\"> <h3 class=\"wp-block-heading\">Las Cookies nunca ser\u00e1n usadas para\u2026<\/h3>    <ul> <li>Robar los datos personales para usos sin consentimiento.&nbsp;<\/li>    <li>Entregar informaci\u00f3n privada a terceras personas.<\/li> <\/ul> <\/section> <\/section>    <section class=\"wp-block-hc-alternate-group-section\"> <h2 class=\"wp-block-heading\">Derechos para acceder, cancelar o rectificar informaci\u00f3n<\/h2>    <p>Este derecho tambi\u00e9n ser\u00e1 administrado por al \u00e1rea de soporte de la p\u00e1gina. Para realizar cualquier cambio sobre la informaci\u00f3n, se deber\u00e1 comunicar de forma directa con nosotros y todos nuestros medios de contacto.&nbsp;<\/p>    <p>Para afirmar que se trata de una cuenta leg\u00edtima, es necesario que sea verificada con alg\u00fan documento de identidad. Dado esto, el usuario tendr\u00e1 el derecho de cambiar alg\u00fan dato errado desde el perfil personal.<\/p> <\/section>    <section class=\"wp-block-hc-alternate-group-section\"> <h2 class=\"wp-block-heading\">Medidas de seguridad y resguardo de datos<\/h2>    <p>Mejorcasadeapuesta.com trata de ofrecer a sus usuarios un alto nivel de seguridad, para estar acorde con el cumplimiento de la ley espa\u00f1ola sobre la protecci\u00f3n de datos. Nuestros sistemas automatizados y tecnolog\u00edas estar\u00e1n en constante renovaci\u00f3n y actualizaci\u00f3n.&nbsp;<\/p>    <p>En caso de que el usuario tenga problemas de robo de identidad a ra\u00edz de virus telef\u00f3nicos, robo de contrase\u00f1a u otros datos de inter\u00e9s ajenos a nuestra pol\u00edtica, no nos haremos responsables de ning\u00fan perjuicio.<\/p> <\/section>    <section class=\"wp-block-hc-alternate-group-section\"> <h2 class=\"wp-block-heading\">Consentimiento de la pol\u00edtica<\/h2>    <p>Al terminar el proceso de registro, se le preguntar\u00e1 al usuario si est\u00e1 de acuerdo con nuestras pol\u00edticas generales, lo que significa que \u00e9l haya le\u00eddo todas las cl\u00e1usulas y puntos importantes dentro del reglamento y no tienen ninguna objeci\u00f3n con ello.&nbsp;<\/p>    <p>La informaci\u00f3n suministrada se usar\u00e1 solamente para cumplir los objetivos expuestos en este art\u00edculo.<\/p>    <p>Existe una posibilidad de que se pueda obtener una vista general de las funciones de la plataforma sin necesidad de aportar datos personales, no obstante, para poder acceder a un servicio completo, este proceso es requerido.<\/p> <\/section>    <section class=\"wp-block-hc-alternate-group-section\"> <h2 class=\"wp-block-heading\">Objetivos de la pol\u00edtica<\/h2>    <p>Todos los objetivos que tenemos al solicitar datos personales, se centran en una mejor resoluci\u00f3n dentro de la plataforma, por lo que, nos permitir\u00e1 brindar a todos los usuarios un servicio m\u00e1s centrado a lo que est\u00e1n buscando.<\/p> <\/section>    <section class=\"wp-block-hc-alternate-group-section\"> <h2 class=\"wp-block-heading\">Menores de edad<\/h2>    <p>En concordancia con las leyes estipuladas por el estado espa\u00f1ol, los ni\u00f1os y j\u00f3venes que a\u00fan no tengan la mayor\u00eda de edad, no pueden registrarse dentro de nuestro servidor de apuestas y gambling. De ser as\u00ed, puede ser penalizado por la ley y expulsado de forma inmediata de nuestra red.<\/p> <\/section>","protected":false},"excerpt":{"rendered":"","protected":false},"author":1,"featured_media":763,"parent":0,"menu_order":27,"comment_status":"closed","ping_status":"closed","template":"","meta":{"_acf_changed":false,"footnotes":""},"page_categories":[],"acf":[],"yoast_head":"<!-- This site is optimized with the Yoast SEO plugin v24.5 - https:\/\/yoast.com\/wordpress\/plugins\/seo\/ -->\n<title>Privacidad - Mejorcasadeapuesta Espa\u00f1a<\/title>\n<meta name=\"description\" content=\"Conozca nuestros esquemas de privacidad de Mejorcasadeapuesta Espa\u00f1a. Protegemos su informaci\u00f3n, consulte los detalles en esta p\u00e1gina.\" \/>\n<meta name=\"robots\" content=\"index, follow, max-snippet:-1, max-image-preview:large, max-video-preview:-1\" \/>\n<link rel=\"canonical\" href=\"https:\/\/mejorcasadeapuesta.com\/es\/privacidad\/\" \/>\n<meta property=\"og:locale\" content=\"es_ES\" \/>\n<meta property=\"og:type\" content=\"article\" \/>\n<meta property=\"og:title\" content=\"Privacidad - Mejorcasadeapuesta Espa\u00f1a\" \/>\n<meta property=\"og:description\" content=\"Conozca nuestros esquemas de privacidad de Mejorcasadeapuesta Espa\u00f1a. Protegemos su informaci\u00f3n, consulte los detalles en esta p\u00e1gina.\" \/>\n<meta property=\"og:url\" content=\"https:\/\/mejorcasadeapuesta.com\/es\/privacidad\/\" \/>\n<meta property=\"og:site_name\" content=\"es\" \/>\n<meta property=\"article:modified_time\" content=\"2024-06-20T13:51:15+00:00\" \/>\n<meta property=\"og:image\" content=\"http:\/\/mejorcasadeapuesta.com\/es\/wp-content\/uploads\/sites\/3\/2023\/05\/Privacidad-ES.jpg\" \/>\n\t<meta property=\"og:image:width\" content=\"1920\" \/>\n\t<meta property=\"og:image:height\" content=\"850\" \/>\n\t<meta property=\"og:image:type\" content=\"image\/jpeg\" \/>\n<meta name=\"twitter:card\" content=\"summary_large_image\" \/>\n<meta name=\"twitter:label1\" content=\"Tiempo de lectura\" \/>\n\t<meta name=\"twitter:data1\" content=\"1 minuto\" \/>\n<!-- \/ Yoast SEO plugin. -->","yoast_head_json":{"title":"Privacidad - Mejorcasadeapuesta Espa\u00f1a","description":"Conozca nuestros esquemas de privacidad de Mejorcasadeapuesta Espa\u00f1a. Protegemos su informaci\u00f3n, consulte los detalles en esta p\u00e1gina.","robots":{"index":"index","follow":"follow","max-snippet":"max-snippet:-1","max-image-preview":"max-image-preview:large","max-video-preview":"max-video-preview:-1"},"canonical":"https:\/\/mejorcasadeapuesta.com\/es\/privacidad\/","og_locale":"es_ES","og_type":"article","og_title":"Privacidad - Mejorcasadeapuesta Espa\u00f1a","og_description":"Conozca nuestros esquemas de privacidad de Mejorcasadeapuesta Espa\u00f1a. Protegemos su informaci\u00f3n, consulte los detalles en esta p\u00e1gina.","og_url":"https:\/\/mejorcasadeapuesta.com\/es\/privacidad\/","og_site_name":"es","article_modified_time":"2024-06-20T13:51:15+00:00","og_image":[{"width":1920,"height":850,"url":"http:\/\/mejorcasadeapuesta.com\/es\/wp-content\/uploads\/sites\/3\/2023\/05\/Privacidad-ES.jpg","type":"image\/jpeg"}],"twitter_card":"summary_large_image","twitter_misc":{"Tiempo de lectura":"1 minuto"},"schema":{"@context":"https:\/\/schema.org","@graph":[{"@type":"WebPage","@id":"https:\/\/mejorcasadeapuesta.com\/es\/privacidad\/","url":"https:\/\/mejorcasadeapuesta.com\/es\/privacidad\/","name":"Privacidad - Mejorcasadeapuesta Espa\u00f1a","isPartOf":{"@id":"https:\/\/mejorcasadeapuesta.com\/es\/#website"},"primaryImageOfPage":{"@id":"https:\/\/mejorcasadeapuesta.com\/es\/privacidad\/#primaryimage"},"image":{"@id":"https:\/\/mejorcasadeapuesta.com\/es\/privacidad\/#primaryimage"},"thumbnailUrl":"https:\/\/mejorcasadeapuesta.com\/es\/wp-content\/uploads\/sites\/3\/2023\/05\/Privacidad-ES.jpg","datePublished":"2023-02-24T15:00:13+00:00","dateModified":"2024-06-20T13:51:15+00:00","description":"Conozca nuestros esquemas de privacidad de Mejorcasadeapuesta Espa\u00f1a. Protegemos su informaci\u00f3n, consulte los detalles en esta p\u00e1gina.","breadcrumb":{"@id":"https:\/\/mejorcasadeapuesta.com\/es\/privacidad\/#breadcrumb"},"inLanguage":"es","potentialAction":[{"@type":"ReadAction","target":["https:\/\/mejorcasadeapuesta.com\/es\/privacidad\/"]}]},{"@type":"ImageObject","inLanguage":"es","@id":"https:\/\/mejorcasadeapuesta.com\/es\/privacidad\/#primaryimage","url":"https:\/\/mejorcasadeapuesta.com\/es\/wp-content\/uploads\/sites\/3\/2023\/05\/Privacidad-ES.jpg","contentUrl":"https:\/\/mejorcasadeapuesta.com\/es\/wp-content\/uploads\/sites\/3\/2023\/05\/Privacidad-ES.jpg","width":1920,"height":850},{"@type":"BreadcrumbList","@id":"https:\/\/mejorcasadeapuesta.com\/es\/privacidad\/#breadcrumb","itemListElement":[{"@type":"ListItem","position":1,"name":"Mejorcasadeapuesta","item":"https:\/\/mejorcasadeapuesta.com\/es\/"},{"@type":"ListItem","position":2,"name":"Privacidad"}]},{"@type":"WebSite","@id":"https:\/\/mejorcasadeapuesta.com\/es\/#website","url":"https:\/\/mejorcasadeapuesta.com\/es\/","name":"es","description":"","publisher":{"@id":"https:\/\/mejorcasadeapuesta.com\/es\/#organization"},"potentialAction":[{"@type":"SearchAction","target":{"@type":"EntryPoint","urlTemplate":"https:\/\/mejorcasadeapuesta.com\/es\/?s={search_term_string}"},"query-input":{"@type":"PropertyValueSpecification","valueRequired":true,"valueName":"search_term_string"}}],"inLanguage":"es"},{"@type":"Organization","@id":"https:\/\/mejorcasadeapuesta.com\/es\/#organization","name":"es","url":"https:\/\/mejorcasadeapuesta.com\/es\/","logo":{"@type":"ImageObject","inLanguage":"es","@id":"https:\/\/mejorcasadeapuesta.com\/es\/#\/schema\/logo\/image\/","url":"https:\/\/mejorcasadeapuesta.com\/es\/wp-content\/uploads\/sites\/3\/2022\/12\/Mejor...-Spain.png","contentUrl":"https:\/\/mejorcasadeapuesta.com\/es\/wp-content\/uploads\/sites\/3\/2022\/12\/Mejor...-Spain.png","width":250,"height":100,"caption":"es"},"image":{"@id":"https:\/\/mejorcasadeapuesta.com\/es\/#\/schema\/logo\/image\/"}}]}},"_links":{"self":[{"href":"https:\/\/mejorcasadeapuesta.com\/es\/wp-json\/wp\/v2\/pages\/370"}],"collection":[{"href":"https:\/\/mejorcasadeapuesta.com\/es\/wp-json\/wp\/v2\/pages"}],"about":[{"href":"https:\/\/mejorcasadeapuesta.com\/es\/wp-json\/wp\/v2\/types\/page"}],"author":[{"embeddable":true,"href":"https:\/\/mejorcasadeapuesta.com\/es\/wp-json\/wp\/v2\/users\/1"}],"replies":[{"embeddable":true,"href":"https:\/\/mejorcasadeapuesta.com\/es\/wp-json\/wp\/v2\/comments?post=370"}],"version-history":[{"count":4,"href":"https:\/\/mejorcasadeapuesta.com\/es\/wp-json\/wp\/v2\/pages\/370\/revisions"}],"predecessor-version":[{"id":765,"href":"https:\/\/mejorcasadeapuesta.com\/es\/wp-json\/wp\/v2\/pages\/370\/revisions\/765"}],"wp:featuredmedia":[{"embeddable":true,"href":"https:\/\/mejorcasadeapuesta.com\/es\/wp-json\/wp\/v2\/media\/763"}],"wp:attachment":[{"href":"https:\/\/mejorcasadeapuesta.com\/es\/wp-json\/wp\/v2\/media?parent=370"}],"wp:term":[{"taxonomy":"page_categories","embeddable":true,"href":"https:\/\/mejorcasadeapuesta.com\/es\/wp-json\/wp\/v2\/page_categories?post=370"}],"curies":[{"name":"wp","href":"https:\/\/api.w.org\/{rel}","templated":true}]}}