{"id":522,"date":"2023-04-27T15:47:27","date_gmt":"2023-04-27T12:47:27","guid":{"rendered":"https:\/\/mejorcasadeapuesta.com\/es\/?page_id=522"},"modified":"2024-06-20T16:51:02","modified_gmt":"2024-06-20T13:51:02","slug":"como-calificamos","status":"publish","type":"page","link":"https:\/\/mejorcasadeapuesta.com\/es\/como-calificamos\/","title":{"rendered":"Gu\u00eda detallada \u00bfC\u00f3mo calificamos las casas de apuestas deportivas online?"},"content":{"rendered":"<section class=\"wp-block-hc-alternate-group-section\"> <p>Como usuarios del entretenimiento online, hemos visto un auge sin precedentes en lo que a casas de apuestas se refiere.<\/p>    <p>La cantidad y variedad de servicios es tal, que la tarea de escoger se torna compleja. Es ah\u00ed donde entramos nosotros para guiarte con nuestra calificaci\u00f3n. Conoce aqu\u00ed, de primera mano, el <b>camino que recorremos cuando rese\u00f1amos una plataforma<\/b>.<\/p> <\/section>    <section class=\"wp-block-hc-alternate-group-section\"> <h2 class=\"wp-block-heading\">Estatus legal<\/h2>    <p>El primer aspecto que analizamos de una casa, es <b>que sea 100 % segura y confiable<\/b>. Cuando se trata de transacciones que implican dinero y datos personales, es fundamental verificar que estamos ante un portal id\u00f3neo.<\/p>    <p>Las autoridades que regulan las apuestas en l\u00ednea se crearon con el objetivo de proteger a los usuarios y garantizar la integridad del mercado de las apuestas online. Para ello, emiten <b>licencias que certifican la legalidad de sus actividades<\/b>.<\/p>    <p>En algunos pa\u00edses, estas licencias pueden ser otorgadas por agencias gubernamentales espec\u00edficas, en otros, por organismos reguladores independientes.&nbsp;<\/p>    <p>Algunas de las <b>autoridades reguladoras internacionales incluyen<\/b>:<\/p>    <ul> <li>La Autoridad de Juego de Malta (Malta Gaming Authority)<\/li>    <li>La Comisi\u00f3n de Juego del Reino Unido (UK Gambling Commission)<\/li>    <li>La Autoridad Reguladora de Gibraltar para el Juego (Gibraltar Regulatory Authority for Gambling)<\/li>    <li>La Autoridad Sueca de Juegos de Azar (Swedish Gambling Authority)<\/li>    <li>La Autoridad Danesa de Juegos de Azar (Danish Gambling Authority)<\/li>    <li>La Autoridad de Licencias de Juegos en L\u00ednea de Curazao (Cura\u00e7ao eGaming Authority)<\/li> <\/ul>    <p>A continuaci\u00f3n, encontrar\u00e1s informaci\u00f3n del funcionamiento de las licencias por pa\u00edses.<\/p>    <section class=\"wp-block-hc-alternate-group-section\"> <h3 class=\"wp-block-heading\">Espa\u00f1a<\/h3>    <p>Espa\u00f1a es uno de esos pa\u00edses que cuenta con una entidad encargada de regular y supervisar el entretenimiento online. Por lo que se consideran legales las apuestas deportivas que se realizan en operadores de juego con<b> licencia otorgada por la Direcci\u00f3n General de Ordenaci\u00f3n del Juego (DGOJ)<\/b>.<\/p>    <p>Teniendo en cuenta lo anterior, una recomendaci\u00f3n que ver\u00e1s siempre en nuestras rese\u00f1as es la de verificar que el portal de apuestas cuente con licencia emitida por dicho ente. Asimismo, <b>te sugerimos visitar la web de la DGOJ<\/b> y revisar el <a href=\"https:\/\/www.ordenacionjuego.es\/es\/url-operadores\" target=\"_blank\" rel=\"noreferrer noopener\">listado de operadores<\/a> autorizados.<\/p> <\/section>    <section class=\"wp-block-hc-alternate-group-section\"> <h3 class=\"wp-block-heading\">Chile<\/h3>    <p>Por el momento, no existe legislaci\u00f3n que regule las apuestas deportivas online en Chile. Sin embargo, actualmente cursa en la C\u00e1mara de Diputados un proyecto de ley que busca reglamentarlas. Dicho proyecto fue presentado por el Ministerio de Hacienda el 7 de marzo de 2022. Por lo que <b>es muy probable que el pa\u00eds cuente pronto con su propia normatividad<\/b>.<\/p>    <p>Para constatar la legalidad de una casa en pa\u00edses que no disponen de regulaci\u00f3n propia, corroboramos que esta cuente con licencia otorgada por alguna autoridad internacional. Nuestra sugerencia es que <b>confirmes, en la misma web del sportsbook, bajo qu\u00e9 licencia opera.<\/b><\/p> <\/section>    <section class=\"wp-block-hc-alternate-group-section\"> <h3 class=\"wp-block-heading\">Colombia<\/h3>    <p>Si por algo se destaca Colombia en la regi\u00f3n, es por disponer de una regulaci\u00f3n bastante robusta. El organismo encargado de ejercer control y expedir la <b>licencia que legaliza las apuestas online es Coljuegos<\/b>. De manera estricta, los colombianos solo pueden apostar en sitios autorizados por esta entidad.<\/p>    <p>En funcionamiento desde el 2012, m\u00e1s all\u00e1 de actuar como ente fiscalizador, tambi\u00e9n cumple con una funci\u00f3n social. Esta consiste en dirigir los recursos generados por los juegos de azar al sistema de salud de los colombianos.<\/p>    <p>As\u00ed que si resides en Colombia, <b>te aconsejamos revisar la web de Coljuegos<\/b>, donde encontrar\u00e1s <a href=\"https:\/\/www.coljuegos.gov.co\/publicaciones\/301721\" target=\"_blank\" rel=\"noreferrer noopener\">plataformas legalmente establecidas<\/a> en el pa\u00eds.<\/p> <\/section>    <section class=\"wp-block-hc-alternate-group-section\"> <h3 class=\"wp-block-heading\">Per\u00fa<\/h3>    <p>Gracias a la promulgaci\u00f3n de la ley del 13 de agosto de 2022, <b>Per\u00fa inici\u00f3 el camino de regular las actividades de las apuestas online<\/b>. Para ello, design\u00f3 a <a href=\"https:\/\/www.gob.pe\/mincetur\" target=\"_blank\" rel=\"noreferrer noopener\">MINCETUR<\/a> como encargado de fiscalizar sus labores.<\/p>    <p>No obstante, al ser una norma reciente, el pa\u00eds atraviesa un proceso de transici\u00f3n. As\u00ed que las casas de apuestas, <b>siguen funcionando con licencias de autoridades internacionales<\/b>. Por lo que, mientras este proceso culmina, deber\u00e1s asegurarte de que el operador que escojas cuente con alguna de ellas.<\/p> <\/section>    <section class=\"wp-block-hc-alternate-group-section\"> <h3 class=\"wp-block-heading\">M\u00e9xico<\/h3>    <p>Las apuestas en l\u00ednea en M\u00e9xico son completamente legales y <b>solo plataformas con licencia SEGOB pueden ofrecer sus servicios<\/b> en el pa\u00eds. Su otorgamiento est\u00e1 en cabeza de la Direcci\u00f3n General de Juegos y Sorteos de la Secretar\u00eda de Gobernaci\u00f3n (SEGOB).<\/p>    <p>Dado lo anterior, para verificar la legitimidad de un portal mexicano, siempre ingresamos a la p\u00e1gina de la SEGOB. En el apartado de la Direcci\u00f3n General de Juegos y Sorteos encontramos la casilla que nos remite a los <a href=\"http:\/\/www.juegosysorteos.gob.mx\/es\/Juegos_y_Sorteos\/home\" target=\"_blank\" rel=\"noreferrer noopener\">permisos autorizados<\/a>. Te aconsejamos hacer lo mismo para asegurarte de la legalidad de cualquier portal.<\/p> <\/section> <\/section>    <section class=\"wp-block-hc-alternate-group-section\"> <h2 class=\"wp-block-heading\">Confiabilidad<\/h2>    <p>Cada d\u00eda son m\u00e1s los portales de apuestas online, lo que ampl\u00eda las posibilidades de los usuarios. A su vez, esto hace que elegir una casa sea un proceso complicado, pues la oferta es extensa. Hoy en d\u00eda contamos con plataformas que hacen dicho trabajo por nosotros.&nbsp;<\/p>    <p>Te hablamos de las <b>webs especializadas en redactar rese\u00f1as<\/b> sobre todo lo relacionado con el mundo de las apuestas en l\u00ednea. Dichas p\u00e1ginas se dedican a investigar y a contarte acerca del servicio que prestan las casas. Para ello, analizan detalladamente aspectos tales como reputaci\u00f3n, licencias, m\u00e9todos de pago, servicio al cliente, bonos, cuotas, mercados, etc.<\/p>    <p>Nosotros <b>nos damos a la tarea de investigar<\/b> no solo el presente, sino el pasado de todas las marcas para asegurar que recomendamos operadores confiables, que no hayan presentado problemas legales y que siempre act\u00faen en pro de sus usuarios.<\/p> <\/section>    <section class=\"wp-block-hc-alternate-group-section\"> <h2 class=\"wp-block-heading\">Cuotas<\/h2>    <p>Pasemos ahora a uno de los t\u00e9rminos m\u00e1s importantes que debemos manejar en apuestas deportivas, las cuotas. Estas son el indicador num\u00e9rico que refleja nuestra posible ganancia. Aunque existe la creencia de que los operadores proponen cuotas similares, la realidad es que <b>los mejores buscan ofrecer momios competitivos<\/b>.<\/p>    <p>Ya que este tema incide directamente sobre las ganancias de apostadores, se torna indispensable <b>investigar y comparar el margen entre casas<\/b>. Para hacerlo, nosotros verificamos sobre eventos determinados, las cuotas que est\u00e1n manejando las mejores casas. Dichos valores los tomamos de los mercados m\u00e1s propicios basados en nuestro conocimiento y pron\u00f3sticos.<\/p>    <p>Es importante <b>verificar las cuotas en los diferentes mercados,<\/b> por ejemplo: Si apuestas al f\u00fatbol en \u201cresultado exacto\u201d por cuota 2.5 a la victoria del local 2-0; Verifica en otra casa de apuestas cu\u00e1nto paga la victoria por +1.5 goles, quiz\u00e1 puedas obtener una ganancia&nbsp; mejor, en otro portal, con el mismo pron\u00f3stico.<\/p>    <p>Igualmente, para darte la mejor recomendaci\u00f3n, revisamos qu\u00e9 casas incluyen en su cat\u00e1logo de apuestas <b>cuotas mejoradas y supercuotas<\/b>. Esta modalidad est\u00e1 destinada a ofrecerte un mayor margen de ganancia. La competencia es tan fuerte que cada vez encontramos m\u00e1s portales incorporando este tipo de beneficios.<\/p> <\/section>    <section class=\"wp-block-hc-alternate-group-section\"> <h2 class=\"wp-block-heading\">Mercados<\/h2>    <p>Lo primero que nosotros miramos en un sportsbook, para saber si puede ofrecernos variedad de mercados, es que su <b>cartera de deportes sea amplia<\/b>. Una vez que hemos seleccionado el operador, escogemos la liga nacional o uno de los torneos internacionales preferidos por los usuarios.<\/p>    <p>Asimismo, seleccionamos el compromiso m\u00e1s importante de la jornada y <b>analizamos la cantidad y variedad de mercados disponibles<\/b>. Tambi\u00e9n verificamos las modalidades de apuestas habilitadas para dichos mercados.<\/p>    <p>Otro mecanismo que usamos para determinar buenos mercados, es el de <b>comparar la oferta para disciplinas como el tenis<\/b> o el baloncesto. El portal que ofrezca, adem\u00e1s de mercados comunes, otros no tan convencionales ser\u00e1 nuestro recomendado en este \u00edtem.<\/p>    <p>Por ejemplo, en el compromiso de la Champions entre Real Madrid vs. Chelsea, Luckia ha habilitado m\u00e1s de 86 mercados, Rushbet pone a tu disposici\u00f3n m\u00e1s de 306. <b>Mayor cantidad de mercados implica m\u00e1s oportunidades<\/b> y diversidad de cuotas.&nbsp;<\/p> <\/section>    <section class=\"wp-block-hc-alternate-group-section\"> <h2 class=\"wp-block-heading\">Bonos<\/h2>    <p>Por lo general, los programas de bonificaci\u00f3n son el gancho con el que las casas de apuestas atraen la atenci\u00f3n de los apostadores. Nos tomamos muy en serio estos an\u00e1lisis para d<b>ecidir qu\u00e9 casa de apuestas es mejor.<\/b><\/p>    <p>Para establecer si los bonos que nos est\u00e1n ofreciendo son una buena opci\u00f3n, <b>analizamos en primer lugar el bono de bienvenida<\/b>. En segundo lugar, revisamos los tipos de bonos que manejan. Por \u00faltimo, verificamos la cantidad de promociones disponibles.<\/p>    <p>Dentro de este an\u00e1lisis, tomamos <b>como pautas los requisitos de apuesta y los t\u00e9rminos y condiciones<\/b> de cada oferta. Dependiendo del tipo de bono, evaluamos qu\u00e9 tan factible es obtener ganancias y si vale la pena.<\/p>    <p>\u00bfC\u00f3mo seleccionamos los mejores bonos para ti?<\/p>    <ul> <li>Leemos toda la p\u00e1gina de T&amp;C, la digerimos y <b>te resumimos lo m\u00e1s importante.<\/b><\/li>    <li>Ponemos <b>atenci\u00f3n a la letra peque\u00f1a <\/b>para evitar que termines en bonificaciones enga\u00f1osas.<\/li>    <li>Nos inscribimos en el portal, para poder darte el mejor tutorial de c\u00f3mo cobrarlo.<\/li>    <li>Solo <b>recomendamos bonos con condiciones reales. <\/b>Ponemos mucha atenci\u00f3n al Rollover, monto, tiempo y condiciones de apuesta.<\/li> <\/ul>    <p>El apartado de t\u00e9rminos y condiciones nos permite precisar si cumplimos con las especificaciones, que para cada oferta, exige la casa. Con esto nos aseguramos de que podremos recibir los premios o ganancias ofrecidas.<\/p>    <p>Veamos un ejemplo, <b>comparemos dos bonos de bienvenida del 100%; <\/b>1XBET vs Wplay.<\/p>    <ul> <li>Lo primero, <b>el monto: <\/b>El de 1XBet ofrece hasta 100$, casi el doble que el de Wplay, de aproximadamente 50$.<\/li>    <li>Lo segundo, <b>las cuotas y el rollover: <\/b>El de 1XBET te permite apostar en cuotas m\u00e1s bajas, de 1.4, contra las de 2.0 de Wplay.<\/li>    <li>Tercero, <b>las condiciones extra:<\/b> El bono de 1XBET te obliga a hacer combinadas de 3, en el de Wplay, puedes hacer apuestas simples.<\/li> <\/ul>    <p>Como puedes constatar, <b>en principio el bono de deportes de 1XBET parece m\u00e1s f\u00e1cil <\/b>de cobrar que el de Wplay, sin embargo al leer todas las condiciones, nos damos cuenta, por experiencia, que es m\u00e1s f\u00e1cil ganar pron\u00f3sticos de cuota 2.0, que tres combinadas de 1.4.<\/p>    <p>\u00a1Te lo hacemos m\u00e1s f\u00e1cil! Nuestra vocaci\u00f3n es analizar las condiciones y la oferta de todos los bonos, para resumirte cu\u00e1les son los pros y contras de cada uno.<\/p> <\/section>    <section class=\"wp-block-hc-alternate-group-section\"> <h2 class=\"wp-block-heading\">Aplicaciones<\/h2>    <p>Para nosotros, las aplicaciones son <b>herramientas vitales que complementan el servicio<\/b> de una marca. Estas nos facilitan el acceso a nuestros contenidos desde cualquier dispositivo, restando las limitaciones que implica depender de un PC.<\/p>    <p>As\u00ed las cosas, lo primero es constatar que la casa cuente con app para diferentes sistemas operativos y que sea funcional. Para ello, ingresamos a cada apartado y <b>verificamos qu\u00e9 procesos y contenidos est\u00e1n habilitados<\/b>. Igualmente, analizamos su fluidez y velocidad.<\/p>    <p>Otro factor que tomamos en cuenta es la <b>posibilidad de recibir notificaciones<\/b>, pues realmente son pocos los portales con este servicio.<\/p>    <p>\u00bfQu\u00e9 buscamos en una aplicaci\u00f3n de apuestas deportivas?<\/p>    <ul> <li>Descarga f\u00e1cil: si es en las tiendas de Apps, mejor (Play Store \/ App Store).<\/li>    <li>Notificaciones push: para estar al d\u00eda con nuestros pron\u00f3sticos y eventos.<\/li>    <li>R\u00e1pida y f\u00e1cil de usar.&nbsp;<\/li>    <li>Que ocupe poco espacio en la memoria del tel\u00e9fono.&nbsp;<\/li>    <li>Debe tener todas las funciones de la p\u00e1gina web, como por ejemplo el streaming.&nbsp;&nbsp;<\/li> <\/ul>    <p>En cada pa\u00eds nos dedicamos a buscar la App para los diferentes sistemas operativos, probarla y dar <b>un veredicto experto, basado en nuestra experiencia.<\/b><\/p> <\/section>    <section class=\"wp-block-hc-alternate-group-section\"> <h2 class=\"wp-block-heading\">Pagos<\/h2>    <p>Sabemos que, como usuarios, resulta fundamental contar con medios de pago que se acoplen a nuestro estilo de vida. Un portal que maneje variedad nos dar\u00e1 la posibilidad de <b>contar con mecanismos de pago opcionales<\/b>. Esto resulta \u00fatil en caso de que nuestro m\u00e9todo tradicional presente inconvenientes.<\/p>    <p>En nuestras rese\u00f1as, <b>analizamos este punto desde lo local<\/b>. Tomamos en consideraci\u00f3n que sean medios seguros, \u00e1giles y accesibles. Tambi\u00e9n evaluamos los l\u00edmites de dep\u00f3sito y retiro, ya que estos nos ayudar\u00e1n a tener un mayor control sobre nuestras finanzas.<\/p>    <p>En todas las rese\u00f1as de esta p\u00e1gina encontrar\u00e1s los m\u00e9todos de pago y retiro de las marcas, nuestro compromiso en mantenerlas actualizadas: con sus tiempos de espera, montos m\u00ednimos\/m\u00e1ximos y comisiones.<\/p>    <p>Recomendamos marcas que tengan<b> variedad no solo para los pagos, sino tambi\u00e9n en m\u00e9todos de retiro.<\/b> Una buena casa de apuestas te permitir\u00e1 depositar y retirar ganancias sin cambiar de m\u00e9todo.<\/p> <\/section>    <section class=\"wp-block-hc-alternate-group-section\"> <h2 class=\"wp-block-heading\">Herramientas<\/h2>    <p>Como mencionamos, en nuestra plataforma entendemos las herramientas como un complemento. Los mejores sportsbooks ponen a nuestro servicio <b>recursos y funciones que nos llevan a realizar pron\u00f3sticos m\u00e1s acertados<\/b>.<\/p>    <p>Algunas de las m\u00e1s comunes son las transmisiones en l\u00ednea, la opci\u00f3n de cash out, las estad\u00edsticas y la secci\u00f3n de resultados en vivo. Al ingresar a cada una de ellas <b>nos cercioramos de su funcionamiento en vivo y din\u00e1mica<\/b>.<\/p>    <p>La presencia de varias,&nbsp; o a\u00fan mejor, todas las herramientas de esta lista mejoran nuestra experiencia en los portales:&nbsp;<\/p>    <ul> <li><b>Estad\u00edsticas pre y durante el partido,<\/b> mientras m\u00e1s interactivas mejor.<\/li>    <li>Paneles personalizables, que puedas elegir favoritos y<b> ajustar la p\u00e1gina a tus gustos.<\/b><\/li>    <li>Transmisi\u00f3n de partidos en vivo.<\/li>    <li><b>Pesta\u00f1a de resultados en vivo<\/b>, para seguirle la pista a todos los eventos.<\/li>    <li>Cash out, cierre de apuesta anticipado.<\/li> <\/ul>    <p>Muchas marcas ofrecen cash out, pero aparece con ninguna o muy poca frecuencia, otras presumen de streaming, pero de muy pocos deportes. Nuestra misi\u00f3n consiste en <b>probar y verificar cada marca,<\/b> para hacer recomendaciones certeras.<\/p> <\/section>    <section class=\"wp-block-hc-alternate-group-section\"> <h2 class=\"wp-block-heading\">Disponibilidad de otros juegos<\/h2>    <p>Sabemos que la mayor\u00eda de usuarios suelen intercalar las apuestas con juegos de casino. As\u00ed que siempre destinamos un apartado para contarte acerca del casino de la casa que estemos rese\u00f1ando.&nbsp;<\/p>    <p>La mayor\u00eda de plataformas especializadas en apuestas deportivas <b>complementan su servicio con una secci\u00f3n dedicada al casino en l\u00ednea<\/b>. Para determinar si este apartado es tan bueno como el de las apuestas, tomamos en cuenta algunas variables.<\/p>    <p>Empezamos por examinar la cantidad y tipos de slots, si cuenta con los juegos de mesa tradicionales, casino en vivo y juegos poco convencionales. Tambi\u00e9n analizamos <b>los proveedores<\/b> y qu\u00e9 tan constante es la incorporaci\u00f3n de nuevos contenidos.<\/p>    <p>Recordemos que <b>los programas de bonificaci\u00f3n, incluyen giros gratis<\/b>, as\u00ed que conocer el casino de nuestra casa se convierte en otra tarea que debemos efectuar.<\/p> <\/section>    <section class=\"wp-block-hc-alternate-group-section\"> <h2 class=\"wp-block-heading\">Soporte<\/h2>    <p>La atenci\u00f3n al cliente juega un papel fundamental en este tipo de servicios. Contar con un <b>departamento dedicado a resolver nuestras consultas<\/b> y a brindarnos soporte t\u00e9cnico es una necesidad.<\/p>    <p>Un servicio operativo y funcional pone a nuestra disposici\u00f3n diferentes medios de comunicaci\u00f3n. Para constatar la robustez del soporte de una casa, <b>identificamos los canales habilitados <\/b>y contactamos a los agentes. As\u00ed, adem\u00e1s de solucionar dudas, medimos la eficacia, rapidez y disposici\u00f3n de los asesores.<\/p>    <p>En consecuencia, en nuestras rese\u00f1as encontrar\u00e1s <b>informaci\u00f3n verificada con respecto a este y al resto de aspectos que evaluamos<\/b>.<\/p> <\/section>","protected":false},"excerpt":{"rendered":"","protected":false},"author":1,"featured_media":760,"parent":0,"menu_order":25,"comment_status":"closed","ping_status":"closed","template":"","meta":{"_acf_changed":false,"footnotes":""},"page_categories":[],"acf":[],"yoast_head":"<!-- This site is optimized with the Yoast SEO plugin v24.5 - https:\/\/yoast.com\/wordpress\/plugins\/seo\/ -->\n<title>Gu\u00eda detallada: \u00bfC\u00f3mo calificamos las casas de apuestas? - Mejorcasadeapuesta ES<\/title>\n<meta name=\"description\" content=\"Esta p\u00e1gina proporciona informaci\u00f3n sobre c\u00f3mo nuestros expertos seleccionan las mejores casas de apuestas. \u00a1Elige lo mejor con informaci\u00f3n actualizada en Mejorcasadeapuesta ES!\" \/>\n<meta name=\"robots\" content=\"index, follow, max-snippet:-1, max-image-preview:large, max-video-preview:-1\" \/>\n<link rel=\"canonical\" href=\"https:\/\/mejorcasadeapuesta.com\/es\/como-calificamos\/\" \/>\n<meta property=\"og:locale\" content=\"es_ES\" \/>\n<meta property=\"og:type\" content=\"article\" \/>\n<meta property=\"og:title\" content=\"Gu\u00eda detallada: \u00bfC\u00f3mo calificamos las casas de apuestas? - Mejorcasadeapuesta ES\" \/>\n<meta property=\"og:description\" content=\"Esta p\u00e1gina proporciona informaci\u00f3n sobre c\u00f3mo nuestros expertos seleccionan las mejores casas de apuestas. \u00a1Elige lo mejor con informaci\u00f3n actualizada en Mejorcasadeapuesta ES!\" \/>\n<meta property=\"og:url\" content=\"https:\/\/mejorcasadeapuesta.com\/es\/como-calificamos\/\" \/>\n<meta property=\"og:site_name\" content=\"es\" \/>\n<meta property=\"article:modified_time\" content=\"2024-06-20T13:51:02+00:00\" \/>\n<meta property=\"og:image\" content=\"http:\/\/mejorcasadeapuesta.com\/es\/wp-content\/uploads\/sites\/3\/2023\/05\/Como-calificamos-las-casas-de-apuestas-deportivas-online.jpg\" \/>\n\t<meta property=\"og:image:width\" content=\"1920\" \/>\n\t<meta property=\"og:image:height\" content=\"850\" \/>\n\t<meta property=\"og:image:type\" content=\"image\/jpeg\" \/>\n<meta name=\"twitter:card\" content=\"summary_large_image\" \/>\n<meta name=\"twitter:label1\" content=\"Tiempo de lectura\" \/>\n\t<meta name=\"twitter:data1\" content=\"1 minuto\" \/>\n<!-- \/ Yoast SEO plugin. -->","yoast_head_json":{"title":"Gu\u00eda detallada: \u00bfC\u00f3mo calificamos las casas de apuestas? - Mejorcasadeapuesta ES","description":"Esta p\u00e1gina proporciona informaci\u00f3n sobre c\u00f3mo nuestros expertos seleccionan las mejores casas de apuestas. \u00a1Elige lo mejor con informaci\u00f3n actualizada en Mejorcasadeapuesta ES!","robots":{"index":"index","follow":"follow","max-snippet":"max-snippet:-1","max-image-preview":"max-image-preview:large","max-video-preview":"max-video-preview:-1"},"canonical":"https:\/\/mejorcasadeapuesta.com\/es\/como-calificamos\/","og_locale":"es_ES","og_type":"article","og_title":"Gu\u00eda detallada: \u00bfC\u00f3mo calificamos las casas de apuestas? - Mejorcasadeapuesta ES","og_description":"Esta p\u00e1gina proporciona informaci\u00f3n sobre c\u00f3mo nuestros expertos seleccionan las mejores casas de apuestas. \u00a1Elige lo mejor con informaci\u00f3n actualizada en Mejorcasadeapuesta ES!","og_url":"https:\/\/mejorcasadeapuesta.com\/es\/como-calificamos\/","og_site_name":"es","article_modified_time":"2024-06-20T13:51:02+00:00","og_image":[{"width":1920,"height":850,"url":"http:\/\/mejorcasadeapuesta.com\/es\/wp-content\/uploads\/sites\/3\/2023\/05\/Como-calificamos-las-casas-de-apuestas-deportivas-online.jpg","type":"image\/jpeg"}],"twitter_card":"summary_large_image","twitter_misc":{"Tiempo de lectura":"1 minuto"},"schema":{"@context":"https:\/\/schema.org","@graph":[{"@type":"WebPage","@id":"https:\/\/mejorcasadeapuesta.com\/es\/como-calificamos\/","url":"https:\/\/mejorcasadeapuesta.com\/es\/como-calificamos\/","name":"Gu\u00eda detallada: \u00bfC\u00f3mo calificamos las casas de apuestas? - Mejorcasadeapuesta ES","isPartOf":{"@id":"https:\/\/mejorcasadeapuesta.com\/es\/#website"},"primaryImageOfPage":{"@id":"https:\/\/mejorcasadeapuesta.com\/es\/como-calificamos\/#primaryimage"},"image":{"@id":"https:\/\/mejorcasadeapuesta.com\/es\/como-calificamos\/#primaryimage"},"thumbnailUrl":"https:\/\/mejorcasadeapuesta.com\/es\/wp-content\/uploads\/sites\/3\/2023\/05\/Como-calificamos-las-casas-de-apuestas-deportivas-online.jpg","datePublished":"2023-04-27T12:47:27+00:00","dateModified":"2024-06-20T13:51:02+00:00","description":"Esta p\u00e1gina proporciona informaci\u00f3n sobre c\u00f3mo nuestros expertos seleccionan las mejores casas de apuestas. \u00a1Elige lo mejor con informaci\u00f3n actualizada en Mejorcasadeapuesta ES!","breadcrumb":{"@id":"https:\/\/mejorcasadeapuesta.com\/es\/como-calificamos\/#breadcrumb"},"inLanguage":"es","potentialAction":[{"@type":"ReadAction","target":["https:\/\/mejorcasadeapuesta.com\/es\/como-calificamos\/"]}]},{"@type":"ImageObject","inLanguage":"es","@id":"https:\/\/mejorcasadeapuesta.com\/es\/como-calificamos\/#primaryimage","url":"https:\/\/mejorcasadeapuesta.com\/es\/wp-content\/uploads\/sites\/3\/2023\/05\/Como-calificamos-las-casas-de-apuestas-deportivas-online.jpg","contentUrl":"https:\/\/mejorcasadeapuesta.com\/es\/wp-content\/uploads\/sites\/3\/2023\/05\/Como-calificamos-las-casas-de-apuestas-deportivas-online.jpg","width":1920,"height":850},{"@type":"BreadcrumbList","@id":"https:\/\/mejorcasadeapuesta.com\/es\/como-calificamos\/#breadcrumb","itemListElement":[{"@type":"ListItem","position":1,"name":"Mejorcasadeapuesta","item":"https:\/\/mejorcasadeapuesta.com\/es\/"},{"@type":"ListItem","position":2,"name":"Gu\u00eda detallada \u00bfC\u00f3mo calificamos las casas de apuestas deportivas online?"}]},{"@type":"WebSite","@id":"https:\/\/mejorcasadeapuesta.com\/es\/#website","url":"https:\/\/mejorcasadeapuesta.com\/es\/","name":"es","description":"","publisher":{"@id":"https:\/\/mejorcasadeapuesta.com\/es\/#organization"},"potentialAction":[{"@type":"SearchAction","target":{"@type":"EntryPoint","urlTemplate":"https:\/\/mejorcasadeapuesta.com\/es\/?s={search_term_string}"},"query-input":{"@type":"PropertyValueSpecification","valueRequired":true,"valueName":"search_term_string"}}],"inLanguage":"es"},{"@type":"Organization","@id":"https:\/\/mejorcasadeapuesta.com\/es\/#organization","name":"es","url":"https:\/\/mejorcasadeapuesta.com\/es\/","logo":{"@type":"ImageObject","inLanguage":"es","@id":"https:\/\/mejorcasadeapuesta.com\/es\/#\/schema\/logo\/image\/","url":"https:\/\/mejorcasadeapuesta.com\/es\/wp-content\/uploads\/sites\/3\/2022\/12\/Mejor...-Spain.png","contentUrl":"https:\/\/mejorcasadeapuesta.com\/es\/wp-content\/uploads\/sites\/3\/2022\/12\/Mejor...-Spain.png","width":250,"height":100,"caption":"es"},"image":{"@id":"https:\/\/mejorcasadeapuesta.com\/es\/#\/schema\/logo\/image\/"}}]}},"_links":{"self":[{"href":"https:\/\/mejorcasadeapuesta.com\/es\/wp-json\/wp\/v2\/pages\/522"}],"collection":[{"href":"https:\/\/mejorcasadeapuesta.com\/es\/wp-json\/wp\/v2\/pages"}],"about":[{"href":"https:\/\/mejorcasadeapuesta.com\/es\/wp-json\/wp\/v2\/types\/page"}],"author":[{"embeddable":true,"href":"https:\/\/mejorcasadeapuesta.com\/es\/wp-json\/wp\/v2\/users\/1"}],"replies":[{"embeddable":true,"href":"https:\/\/mejorcasadeapuesta.com\/es\/wp-json\/wp\/v2\/comments?post=522"}],"version-history":[{"count":1,"href":"https:\/\/mejorcasadeapuesta.com\/es\/wp-json\/wp\/v2\/pages\/522\/revisions"}],"predecessor-version":[{"id":523,"href":"https:\/\/mejorcasadeapuesta.com\/es\/wp-json\/wp\/v2\/pages\/522\/revisions\/523"}],"wp:featuredmedia":[{"embeddable":true,"href":"https:\/\/mejorcasadeapuesta.com\/es\/wp-json\/wp\/v2\/media\/760"}],"wp:attachment":[{"href":"https:\/\/mejorcasadeapuesta.com\/es\/wp-json\/wp\/v2\/media?parent=522"}],"wp:term":[{"taxonomy":"page_categories","embeddable":true,"href":"https:\/\/mejorcasadeapuesta.com\/es\/wp-json\/wp\/v2\/page_categories?post=522"}],"curies":[{"name":"wp","href":"https:\/\/api.w.org\/{rel}","templated":true}]}}