{"id":1087,"date":"2023-02-24T17:58:14","date_gmt":"2023-02-24T14:58:14","guid":{"rendered":"https:\/\/mejorcasadeapuesta.com\/mx\/?page_id=1087"},"modified":"2024-06-20T16:16:24","modified_gmt":"2024-06-20T13:16:24","slug":"privacidad","status":"publish","type":"page","link":"https:\/\/mejorcasadeapuesta.com\/mx\/privacidad\/","title":{"rendered":"Privacidad"},"content":{"rendered":"<section class=\"wp-block-hc-alternate-group-section\"> <h2 class=\"wp-block-heading\">Protecci\u00f3n de datos y fidelidad&nbsp;<\/h2>    <p>Esta p\u00e1gina web cumple con lo planteado por el articulo n\u00b019 de la ley Federal de Protecci\u00f3n de Datos Personales en Posesi\u00f3n de los Particulares adem\u00e1s de lo establecido los las leyes internacionales, siendo esta la raz\u00f3n por lo cual se les avisa a nuestros usuarios que Mejorcasadeapuesta.com trabajamos con una organizaci\u00f3n y procedimiento de datos automatizados.&nbsp;<\/p>    <p>Tales procedimientos se encargan del manejo de informaci\u00f3n confidencial y fue establecido con la responsabilidad de esta p\u00e1gina web. El prop\u00f3sito de contar con los sistemas autom\u00e1ticos de recolecci\u00f3n y control de datos es poder ofrecer una atenci\u00f3n adecuada a los usuarios y el mismo solo recopila los datos estrictamente necesarios, y solo con la aceptaci\u00f3n previa de los consumidores.<\/p> <\/section>    <section class=\"wp-block-hc-alternate-group-section\"> <h2 class=\"wp-block-heading\">Registro de datos en formularios y ficheros<\/h2>    <p>Si deseas disfrutar de todos los servicios ofrecidos por el sitio web plenamente es necesario efectuar adecuadamente el registro de datos en los formularios.<\/p>    <p>No acceder a esta pol\u00edtica de seguridad o rehusarse a facilitar la informaci\u00f3n personal requerida anula la acci\u00f3n de registro en la p\u00e1gina web y por lo tanto niega la posibilidad de participar en las promociones ofrecidas de la misma.<\/p>    <p>En resumen y de acuerdo con lo planteado por la ley federal de protecci\u00f3n de datos personales en posesi\u00f3n de los particulares, se les informa a todos los usuarios de nuestra p\u00e1gina web que sus datos e informaci\u00f3n personal ser\u00e1n agregados a la base de datos de la empresa en un fichero a su nombre.<\/p> <\/section>    <section class=\"wp-block-hc-alternate-group-section\"> <h2 class=\"wp-block-heading\">Veracidad total de los datos<\/h2>    <p>Es importante recalcar la importancia de que todos los datos inscritos en esta p\u00e1gina sean verdaderos y exactos. Tambi\u00e9n que la veracidad de los mismos es responsabilidad \u00fanica de los usuarios y que esta p\u00e1gina web no asume ninguna responsabilidad por ning\u00fan tipo de falta de autenticidad intencional en los datos suministrados, sin importar si la raz\u00f3n es por error u omisi\u00f3n.<\/p>    <p>En otras palabras, son los usuarios los \u00fanicos responsables por la validez, fidelidad y autenticidad de los datos proporcionados a los sistemas automatizados de recolecci\u00f3n de informaci\u00f3n, y son ellos los que tienen la obligaci\u00f3n de mantenerlos actualizados en momentos de cambios.<\/p>    <p>Como usuario de Mejorcasadeapuesta.com usted acepta la pol\u00edtica de privacidad que incluye la entrega de datos completos y vigentes en su totalidad. Y se recalca tambi\u00e9n, que nuestra empresa no se hace responsable por informaci\u00f3n proporcionada por terceros y no por el usuario mismo.<\/p>    <p>Otros puntos a recalcar son:<\/p>    <p>La p\u00e1gina no asumir\u00e1 ninguna responsabilidad por alg\u00fan tipo de da\u00f1os o perjuicios como consecuencia de informaci\u00f3n proporcionada por fuentes ajenas al usuario.&nbsp;<\/p>    <p>Los clientes seg\u00fan lo establecido por las leyes nacionales e internacionales tienen derecho a modificar o invalidar la informaci\u00f3n mencionada&nbsp;<\/p>    <p>Nos reservamos el derecho a transformar, limitar, transferir o eliminar el acceso a la informaci\u00f3n en nuestra p\u00e1gina electr\u00f3nica.<\/p> <\/section>    <section class=\"wp-block-hc-alternate-group-section\"> <h2 class=\"wp-block-heading\">Cookies<\/h2>    <p>Este sitio web hace uso de cookies. Y como parte de los acuerdos de seguridad y las leyes internacionales todo usuario debe ser informado de este hecho.<\/p>    <section class=\"wp-block-hc-alternate-group-section\"> <h3 class=\"wp-block-heading\">\u00bfQu\u00e9 son las cookies?<\/h3>    <p>Las cookies son herramientas, m\u00e1s t\u00e9cnicamente hablando, un fichero que utilizan los sitios web para recolectar informaci\u00f3n necesaria de sus usuarios durante un tiempo determinado. Todo esto con el prop\u00f3sito principal de mantener informados a los proveedores de las acciones realizadas dentro de sus p\u00e1ginas online.<\/p>    <p>Las cookies en general suelen durar el tiempo que est\u00e9s utilizando una p\u00e1gina web en espec\u00edfico, sin embargo algunos sitios suelen guardar la informaci\u00f3n por un periodo de tiempo m\u00e1s largo.<\/p>    <p>Estas tienen el objetivo de brindar a los proveedores informaci\u00f3n necesaria para ofrecer a los usuarios el mejor servicio personalizado y de su completa satisfacci\u00f3n e inter\u00e9s.<\/p> <\/section>    <section class=\"wp-block-hc-alternate-group-section\"> <h3 class=\"wp-block-heading\">\u00bfQu\u00e9 tipos de cookies utilizamos?<\/h3>    <p>Al aprobar todas las cookies nos estar\u00e1s otorgando el consentimiento para utilizarlas para tu propia conveniencia con los siguientes puntos:<\/p>    <ul> <li>Al poder mantener un registro de tus actividades la p\u00e1gina web se mantendr\u00e1 actualizada con los ajustes que realices<\/li>    <li>Podremos trabajar plenamente<\/li>    <li>Si lo deseas, tu sesi\u00f3n quedar\u00e1 abierta para facilitar tus actividades cada vez que decidas entrar en ella<\/li>    <li>Los videos y anuncios que te ofreceremos ser\u00e1n de tu inter\u00e9s<\/li>    <li>Anexar redes sociales<\/li> <\/ul> <\/section>    <section class=\"wp-block-hc-alternate-group-section\"> <h3 class=\"wp-block-heading\">Nuestras cookies no se utilizan para:<\/h3>    <p>Estas cookies y sus acuerdos no autorizan ni permiten la distribuci\u00f3n a terceros de tu informaci\u00f3n personal o la utilizaci\u00f3n de la misma sin tu previo y expl\u00edcito conocimiento.&nbsp;<\/p> <\/section> <\/section>    <section class=\"wp-block-hc-alternate-group-section\"> <h2 class=\"wp-block-heading\">Derechos de acceso, rectificaci\u00f3n, cancelaci\u00f3n:<\/h2>    <p>En caso de desear ejercer tu derecho de acceso, rectificaci\u00f3n, cancelaci\u00f3n o\/y oposici\u00f3n cont\u00e1ctanos al siguiente correo:&nbsp;<\/p>    <p>El paso a seguir al hacerlo es demostrar tu identidad y propiedad de la cuenta, usualmente presentando alg\u00fan tipo de documento legal de identidad como el pasaporte o la c\u00e9dula de identidad ciudadana. En caso de necesitarlo, tambi\u00e9n tiene la oportunidad de modificaci\u00f3n y rectificaci\u00f3n de sus datos con solo iniciar sesi\u00f3n e identificarse a trav\u00e9s de nuestro sitio web en cualquier momento.<\/p> <\/section>    <section class=\"wp-block-hc-alternate-group-section\"> <h2 class=\"wp-block-heading\">Medidas de seguridad&nbsp;<\/h2>    <p>Mejorcasadeapuesta.com cuenta con todos los requisitos y medidas de seguridad solicitados por las autoridades internacionales y nacionales adem\u00e1s de que nos mantenemos en constante actualizaci\u00f3n de servidores y programas de seguridad para asegurar el uso correcto de tus datos personales.Es importante mencionar que no nos hacemos responsables de situaciones fuera de nuestro control y las consecuencias que estos puedan traer. Asimismo, los virus telef\u00f3nicos, omisiones de informaci\u00f3n y robo de datos como la contrase\u00f1a pueden repercutir en bloqueo de acceso a la p\u00e1gina o restricciones en la misma. Como usuario la responsabilidad de mantener su informaci\u00f3n segura recae en usted.<\/p> <\/section>    <section class=\"wp-block-hc-alternate-group-section\"> <h2 class=\"wp-block-heading\">Aceptaci\u00f3n y conocimiento de los t\u00e9rminos<\/h2>    <p>Al momento de aceptar y dar conocimiento de los t\u00e9rminos y condiciones, <b>usted confirma haber sido informado de todas las medidas de seguridad empleadas por nuestro sitio web,<\/b> lo que incluye medidas de protecci\u00f3n y utilizaci\u00f3n de informaci\u00f3n suministrada.<\/p>    <p>La \u00faltima siendo empleada solo bajo las normas y acuerdos planteados en este apartado.<\/p>    <p>Cualquier servicio o acci\u00f3n que requiera de condiciones adicionales ser\u00e1 notificado a usted antes de realizarse.<\/p>    <p>La informaci\u00f3n mencionada ser\u00e1 solicitada s\u00f3lo en el momento que usted desee informaci\u00f3n espec\u00edfica que requiera iniciar sesi\u00f3n en la p\u00e1gina web. Del resto no ser\u00e1 requerida.<\/p> <\/section>    <section class=\"wp-block-hc-alternate-group-section\"> <h2 class=\"wp-block-heading\">Finalidades&nbsp;<\/h2>    <p>La informaci\u00f3n solicitada es utilizada plenamente con la finalidad de ofrecer el mejor servicio al cliente posible, dado que al conocer dichos datos se les puede ofrecer a los usuarios los servicios y productos que m\u00e1s les convengan.<\/p> <\/section>    <section class=\"wp-block-hc-alternate-group-section\"> <h2 class=\"wp-block-heading\">Menores de edad&nbsp;<\/h2>    <p>Le recordamos a nuestros usuarios que las apuestas est\u00e1n totalmente prohibidas para menores de edad en M\u00e9xico, por lo cual los servicios ofrecidos por esta p\u00e1gina web no est\u00e1n dirigidos a los mismos y es importante que verifique su edad al ingresar a la misma.<\/p> <\/section>","protected":false},"excerpt":{"rendered":"","protected":false},"author":1,"featured_media":1601,"parent":0,"menu_order":35,"comment_status":"closed","ping_status":"closed","template":"","meta":{"_acf_changed":false,"footnotes":""},"page_categories":[],"acf":[],"yoast_head":"<!-- This site is optimized with the Yoast SEO plugin v24.5 - https:\/\/yoast.com\/wordpress\/plugins\/seo\/ -->\n<title>Privacidad - Mejorcasadeapuesta M\u00e9xico<\/title>\n<meta name=\"description\" content=\"Conozca nuestros esquemas de privacidad de Mejorcasadeapuesta M\u00e9xico. Protegemos su informaci\u00f3n, consulte los detalles en esta p\u00e1gina.\" \/>\n<meta name=\"robots\" content=\"index, follow, max-snippet:-1, max-image-preview:large, max-video-preview:-1\" \/>\n<link rel=\"canonical\" href=\"https:\/\/mejorcasadeapuesta.com\/mx\/privacidad\/\" \/>\n<meta property=\"og:locale\" content=\"es_MX\" \/>\n<meta property=\"og:type\" content=\"article\" \/>\n<meta property=\"og:title\" content=\"Privacidad - Mejorcasadeapuesta M\u00e9xico\" \/>\n<meta property=\"og:description\" content=\"Conozca nuestros esquemas de privacidad de Mejorcasadeapuesta M\u00e9xico. Protegemos su informaci\u00f3n, consulte los detalles en esta p\u00e1gina.\" \/>\n<meta property=\"og:url\" content=\"https:\/\/mejorcasadeapuesta.com\/mx\/privacidad\/\" \/>\n<meta property=\"og:site_name\" content=\"mx\" \/>\n<meta property=\"article:modified_time\" content=\"2024-06-20T13:16:24+00:00\" \/>\n<meta property=\"og:image\" content=\"https:\/\/mejorcasadeapuesta.com\/mx\/wp-content\/uploads\/sites\/2\/2023\/05\/Privacidad-ES.jpg\" \/>\n\t<meta property=\"og:image:width\" content=\"1920\" \/>\n\t<meta property=\"og:image:height\" content=\"850\" \/>\n\t<meta property=\"og:image:type\" content=\"image\/jpeg\" \/>\n<meta name=\"twitter:card\" content=\"summary_large_image\" \/>\n<meta name=\"twitter:label1\" content=\"Tiempo de lectura\" \/>\n\t<meta name=\"twitter:data1\" content=\"6 minutos\" \/>\n<!-- \/ Yoast SEO plugin. -->","yoast_head_json":{"title":"Privacidad - Mejorcasadeapuesta M\u00e9xico","description":"Conozca nuestros esquemas de privacidad de Mejorcasadeapuesta M\u00e9xico. Protegemos su informaci\u00f3n, consulte los detalles en esta p\u00e1gina.","robots":{"index":"index","follow":"follow","max-snippet":"max-snippet:-1","max-image-preview":"max-image-preview:large","max-video-preview":"max-video-preview:-1"},"canonical":"https:\/\/mejorcasadeapuesta.com\/mx\/privacidad\/","og_locale":"es_MX","og_type":"article","og_title":"Privacidad - Mejorcasadeapuesta M\u00e9xico","og_description":"Conozca nuestros esquemas de privacidad de Mejorcasadeapuesta M\u00e9xico. Protegemos su informaci\u00f3n, consulte los detalles en esta p\u00e1gina.","og_url":"https:\/\/mejorcasadeapuesta.com\/mx\/privacidad\/","og_site_name":"mx","article_modified_time":"2024-06-20T13:16:24+00:00","og_image":[{"width":1920,"height":850,"url":"https:\/\/mejorcasadeapuesta.com\/mx\/wp-content\/uploads\/sites\/2\/2023\/05\/Privacidad-ES.jpg","type":"image\/jpeg"}],"twitter_card":"summary_large_image","twitter_misc":{"Tiempo de lectura":"6 minutos"},"schema":{"@context":"https:\/\/schema.org","@graph":[{"@type":"WebPage","@id":"https:\/\/mejorcasadeapuesta.com\/mx\/privacidad\/","url":"https:\/\/mejorcasadeapuesta.com\/mx\/privacidad\/","name":"Privacidad - Mejorcasadeapuesta M\u00e9xico","isPartOf":{"@id":"https:\/\/mejorcasadeapuesta.com\/mx\/#website"},"primaryImageOfPage":{"@id":"https:\/\/mejorcasadeapuesta.com\/mx\/privacidad\/#primaryimage"},"image":{"@id":"https:\/\/mejorcasadeapuesta.com\/mx\/privacidad\/#primaryimage"},"thumbnailUrl":"https:\/\/mejorcasadeapuesta.com\/mx\/wp-content\/uploads\/sites\/2\/2023\/05\/Privacidad-ES.jpg","datePublished":"2023-02-24T14:58:14+00:00","dateModified":"2024-06-20T13:16:24+00:00","description":"Conozca nuestros esquemas de privacidad de Mejorcasadeapuesta M\u00e9xico. Protegemos su informaci\u00f3n, consulte los detalles en esta p\u00e1gina.","breadcrumb":{"@id":"https:\/\/mejorcasadeapuesta.com\/mx\/privacidad\/#breadcrumb"},"inLanguage":"es","potentialAction":[{"@type":"ReadAction","target":["https:\/\/mejorcasadeapuesta.com\/mx\/privacidad\/"]}]},{"@type":"ImageObject","inLanguage":"es","@id":"https:\/\/mejorcasadeapuesta.com\/mx\/privacidad\/#primaryimage","url":"https:\/\/mejorcasadeapuesta.com\/mx\/wp-content\/uploads\/sites\/2\/2023\/05\/Privacidad-ES.jpg","contentUrl":"https:\/\/mejorcasadeapuesta.com\/mx\/wp-content\/uploads\/sites\/2\/2023\/05\/Privacidad-ES.jpg","width":1920,"height":850},{"@type":"BreadcrumbList","@id":"https:\/\/mejorcasadeapuesta.com\/mx\/privacidad\/#breadcrumb","itemListElement":[{"@type":"ListItem","position":1,"name":"Mejorcasadeapuesta","item":"https:\/\/mejorcasadeapuesta.com\/mx\/"},{"@type":"ListItem","position":2,"name":"Privacidad"}]},{"@type":"WebSite","@id":"https:\/\/mejorcasadeapuesta.com\/mx\/#website","url":"https:\/\/mejorcasadeapuesta.com\/mx\/","name":"Mejorcasadeapuesta","description":"","publisher":{"@id":"https:\/\/mejorcasadeapuesta.com\/mx\/#organization"},"potentialAction":[{"@type":"SearchAction","target":{"@type":"EntryPoint","urlTemplate":"https:\/\/mejorcasadeapuesta.com\/mx\/?s={search_term_string}"},"query-input":{"@type":"PropertyValueSpecification","valueRequired":true,"valueName":"search_term_string"}}],"inLanguage":"es"},{"@type":"Organization","@id":"https:\/\/mejorcasadeapuesta.com\/mx\/#organization","name":"Mejorcasadeapuesta","url":"https:\/\/mejorcasadeapuesta.com\/mx\/","logo":{"@type":"ImageObject","inLanguage":"es","@id":"https:\/\/mejorcasadeapuesta.com\/mx\/#\/schema\/logo\/image\/","url":"https:\/\/mejorcasadeapuesta.com\/mx\/wp-content\/uploads\/sites\/2\/2022\/12\/Mejor...-Mexico.png","contentUrl":"https:\/\/mejorcasadeapuesta.com\/mx\/wp-content\/uploads\/sites\/2\/2022\/12\/Mejor...-Mexico.png","width":250,"height":100,"caption":"Mejorcasadeapuesta"},"image":{"@id":"https:\/\/mejorcasadeapuesta.com\/mx\/#\/schema\/logo\/image\/"}}]}},"_links":{"self":[{"href":"https:\/\/mejorcasadeapuesta.com\/mx\/wp-json\/wp\/v2\/pages\/1087"}],"collection":[{"href":"https:\/\/mejorcasadeapuesta.com\/mx\/wp-json\/wp\/v2\/pages"}],"about":[{"href":"https:\/\/mejorcasadeapuesta.com\/mx\/wp-json\/wp\/v2\/types\/page"}],"author":[{"embeddable":true,"href":"https:\/\/mejorcasadeapuesta.com\/mx\/wp-json\/wp\/v2\/users\/1"}],"replies":[{"embeddable":true,"href":"https:\/\/mejorcasadeapuesta.com\/mx\/wp-json\/wp\/v2\/comments?post=1087"}],"version-history":[{"count":4,"href":"https:\/\/mejorcasadeapuesta.com\/mx\/wp-json\/wp\/v2\/pages\/1087\/revisions"}],"predecessor-version":[{"id":1602,"href":"https:\/\/mejorcasadeapuesta.com\/mx\/wp-json\/wp\/v2\/pages\/1087\/revisions\/1602"}],"wp:featuredmedia":[{"embeddable":true,"href":"https:\/\/mejorcasadeapuesta.com\/mx\/wp-json\/wp\/v2\/media\/1601"}],"wp:attachment":[{"href":"https:\/\/mejorcasadeapuesta.com\/mx\/wp-json\/wp\/v2\/media?parent=1087"}],"wp:term":[{"taxonomy":"page_categories","embeddable":true,"href":"https:\/\/mejorcasadeapuesta.com\/mx\/wp-json\/wp\/v2\/page_categories?post=1087"}],"curies":[{"name":"wp","href":"https:\/\/api.w.org\/{rel}","templated":true}]}}