{"id":1432,"date":"2023-04-27T15:33:04","date_gmt":"2023-04-27T12:33:04","guid":{"rendered":"https:\/\/mejorcasadeapuesta.com\/mx\/?page_id=1432"},"modified":"2024-06-20T16:13:09","modified_gmt":"2024-06-20T13:13:09","slug":"terminos-y-condiciones","status":"publish","type":"page","link":"https:\/\/mejorcasadeapuesta.com\/mx\/terminos-y-condiciones\/","title":{"rendered":"T\u00e9rminos y condiciones de uso"},"content":{"rendered":"<section class=\"wp-block-hc-alternate-group-section\"> <h2 class=\"wp-block-heading\">Pol\u00edtica de afiliados<\/h2>    <p>Cuando una persona se registra en Mejor Casa de Apuesta, estar\u00e1 consintiendo los t\u00e9rminos y condiciones expresados en esta secci\u00f3n. Asimismo, Mejor Casa de Apuesta podr\u00e1 realizar todo tipo de modificaciones a los t\u00e9rminos, condiciones y pol\u00edticas de privacidad, sin notificaci\u00f3n previa. En dicho caso, la entrada en vigencia de las nuevas pol\u00edticas inicia con la actualizaci\u00f3n de las versiones correspondientes en la p\u00e1gina web oficial de Mejor Casa de Apuesta.<\/p>    <p>A continuaci\u00f3n se exponen todos los puntos prioritarios por el uso de Mejor Casa de Apuesta:<\/p>    <ul> <li>Mejor Casa de Apuesta conserva la propiedad intelectual de todo el contenido expuesto en la p\u00e1gina oficial.<\/li>    <li>Todos los usuarios registrados est\u00e1n de acuerdo con todos los puntos tratados como t\u00e9rminos y condiciones.<\/li>    <li>La divulgaci\u00f3n, reproducci\u00f3n o copia del contenido expuesto en este portal sin la autorizaci\u00f3n de un administrador, podr\u00e1 estar sujeto a represalias legales.<\/li>    <li>Mejor Casa de Apuesta no es una casa de apuestas y la informaci\u00f3n compartida a trav\u00e9s de los medios oficiales no son consejos o asesoramiento financieros.<\/li>    <li>Cada persona es responsable de la informaci\u00f3n proporcionada en nuestro portal o en cualquier casa de apuestas recomendada. No existe grado de responsabilidad alguna por mentir a la hora de registrarse en cualquiera de las mencionadas anteriormente.<\/li>    <li>El contenido analizado en Mejor Casa de Apuesta est\u00e1 dirigido para personas mayores de 18 a\u00f1os.<\/li>    <li>Al registrarse, el usuario estar\u00e1 consintiendo el env\u00edo de boletines o correos electr\u00f3nicos relacionados con las apuestas, casas de apuestas, promociones o cualquier otro tipo de informaci\u00f3n que Mejor Casa de Apuesta considere publicitario.<\/li>    <li>Cualquier dato suministrado por y para Mejor Casa de Apuesta, est\u00e1 sujeto a nuestro acuerdo de confidencialidad.<\/li>    <li>Registrarse en Mejor Casa de Apuesta es completamente gratis.<\/li> <\/ul>    <p>Como parte de los t\u00e9rminos y condiciones de registro, tambi\u00e9n se valorar\u00e1 la actitud y el uso de informaci\u00f3n por parte de los usuarios que visiten Mejor Casa de Apuesta. Por esta misma raz\u00f3n, se proh\u00edbe:<\/p>    <ul> <li>Utilizar un vocabulario malsonante o una actitud ofensiva dentro de cualquier secci\u00f3n de la p\u00e1gina Mejor Casa de Apuesta. Se permiten todo tipo de opiniones contrarias, siempre que sean transmitidas de forma educada y haciendo uso del sentido com\u00fan de convivencia.<\/li>    <li>Introducir nombres de usuario o im\u00e1genes que representen un insulto o una conducta inapropiada.<\/li>    <li>Discutir con bases pol\u00edticas o religiosas. El contenido en Mejor Casa de Apuesta es informativo.<\/li>    <li>Realizar <em>spam<\/em> de cualquier tipo o realizar publicidad dentro de Mejor Casa de Apuesta que no sea relevante para la audiencia objetivo (jugadores, apostadores).<\/li>    <li>Tener m\u00e1s de una cuenta en uso. Esta condici\u00f3n tambi\u00e9n hace referencia a la participaci\u00f3n de eventos o promociones con el uso de m\u00faltiples cuentas.<\/li>    <li>Atacar a los administradores o miembros pertenecientes al equipo de Mejor Casa de Apuesta. Las cr\u00edticas constructivas son vitales, pero no se tolerar\u00e1 la falta de respeto o la insurgencia contra los administradores de la p\u00e1gina.<\/li> <\/ul> <\/section>    <section class=\"wp-block-hc-alternate-group-section\"> <h2 class=\"wp-block-heading\">Pol\u00edtica de cookies<\/h2>    <p>Como muchos otros sitios web, Mejor Casa de Apuesta utiliza <em>cookies<\/em> para personalizar la experiencia de cada visitante o usuario. Siguiendo los lineamientos internacionales, dichas <em>cookies<\/em> s\u00f3lo pueden ser aprobadas por los usuarios. En caso contrario, Mejor Casa de Apuesta no puede hacer uso de la informaci\u00f3n obtenida a trav\u00e9s de su uso.<\/p>    <p>Dicho todo esto, Mejor Casa de Apuesta puede utilizar los datos recopilados con fines de mejorar la experiencia de los usuarios. Esta informaci\u00f3n es tratada con suma delicadeza, por lo que es necesario ratificar que los <em>cookies<\/em> no son utilizados para recopilar datos de contacto de ning\u00fan tipo sin consentimiento y mucho menos el traspaso de la informaci\u00f3n de cada usuario a terceros.<\/p> <\/section>    <section class=\"wp-block-hc-alternate-group-section\"> <h2 class=\"wp-block-heading\">Divulgaci\u00f3n de riesgos<\/h2>    <p>Mejor Casa de Apuesta, al ser un portal digital dedicado a la divulgaci\u00f3n de informaci\u00f3n relevante para apostadores, es consciente de los diferentes riesgos que el <em>gambling<\/em>, el casino o las apuestas pueden suponer. De la misma manera, se espera que cada usuario con una cuenta registrada, posea un control propio de su dinero y de la forma de cumplir con su ocio.<\/p>    <p>Dicho todo esto, existe la probabilidad de que los usuarios de Mejor Casa de Apuesta puedan volverse adictos a las apuestas y a los juegos. Por este motivo, la secci\u00f3n de juego responsable hace mayor alusi\u00f3n a las limitaciones que debe tener cada usuario, ya que Mejor Casa de Apuesta no se responsabiliza por el mal uso de la informaci\u00f3n expuesta en nuestra p\u00e1gina.<\/p> <\/section>    <section class=\"wp-block-hc-alternate-group-section\"> <h2 class=\"wp-block-heading\">Juego responsable<\/h2>    <p>Cualquier dato, sugerencia, recomendaci\u00f3n, promoci\u00f3n o alegor\u00eda, est\u00e1 adjunto a un sentido de responsabilidad individual. Cada persona debe ser consciente de las decisiones que toma y de los lugares donde decide apostar o jugar.<\/p>    <p>Por ello, se recalca el objetivo de Mejor Casa de Apuesta: entretener, proporcionar una fuente de distracci\u00f3n y promover la seguridad en el <em>gambling<\/em> o en las apuestas. En caso de que considere que las apuestas le provocan alg\u00fan tipo de da\u00f1o, se recomienda acudir con un profesional.<\/p> <\/section>","protected":false},"excerpt":{"rendered":"","protected":false},"author":1,"featured_media":1600,"parent":0,"menu_order":30,"comment_status":"closed","ping_status":"closed","template":"","meta":{"_acf_changed":false,"footnotes":""},"page_categories":[],"acf":[],"yoast_head":"<!-- This site is optimized with the Yoast SEO plugin v24.5 - https:\/\/yoast.com\/wordpress\/plugins\/seo\/ -->\n<title>T\u00e9rminos y condiciones - Mejorcasadeapuesta M\u00e9xico<\/title>\n<meta name=\"description\" content=\"Lea los t\u00e9rminos y condiciones de Mejorcasadeapuesta M\u00e9xico. Aqu\u00ed le informamos claramente sobre el uso de la informaci\u00f3n general, las condiciones para proporcionar datos y otros detalles importantes.\" \/>\n<meta name=\"robots\" content=\"index, follow, max-snippet:-1, max-image-preview:large, max-video-preview:-1\" \/>\n<link rel=\"canonical\" href=\"https:\/\/mejorcasadeapuesta.com\/mx\/terminos-y-condiciones\/\" \/>\n<meta property=\"og:locale\" content=\"es_MX\" \/>\n<meta property=\"og:type\" content=\"article\" \/>\n<meta property=\"og:title\" content=\"T\u00e9rminos y condiciones - Mejorcasadeapuesta M\u00e9xico\" \/>\n<meta property=\"og:description\" content=\"Lea los t\u00e9rminos y condiciones de Mejorcasadeapuesta M\u00e9xico. Aqu\u00ed le informamos claramente sobre el uso de la informaci\u00f3n general, las condiciones para proporcionar datos y otros detalles importantes.\" \/>\n<meta property=\"og:url\" content=\"https:\/\/mejorcasadeapuesta.com\/mx\/terminos-y-condiciones\/\" \/>\n<meta property=\"og:site_name\" content=\"mx\" \/>\n<meta property=\"article:modified_time\" content=\"2024-06-20T13:13:09+00:00\" \/>\n<meta property=\"og:image\" content=\"https:\/\/mejorcasadeapuesta.com\/mx\/wp-content\/uploads\/sites\/2\/2023\/05\/Terminos-y-condiciones-de-uso.jpg\" \/>\n\t<meta property=\"og:image:width\" content=\"1920\" \/>\n\t<meta property=\"og:image:height\" content=\"850\" \/>\n\t<meta property=\"og:image:type\" content=\"image\/jpeg\" \/>\n<meta name=\"twitter:card\" content=\"summary_large_image\" \/>\n<meta name=\"twitter:label1\" content=\"Tiempo de lectura\" \/>\n\t<meta name=\"twitter:data1\" content=\"4 minutos\" \/>\n<!-- \/ Yoast SEO plugin. -->","yoast_head_json":{"title":"T\u00e9rminos y condiciones - Mejorcasadeapuesta M\u00e9xico","description":"Lea los t\u00e9rminos y condiciones de Mejorcasadeapuesta M\u00e9xico. Aqu\u00ed le informamos claramente sobre el uso de la informaci\u00f3n general, las condiciones para proporcionar datos y otros detalles importantes.","robots":{"index":"index","follow":"follow","max-snippet":"max-snippet:-1","max-image-preview":"max-image-preview:large","max-video-preview":"max-video-preview:-1"},"canonical":"https:\/\/mejorcasadeapuesta.com\/mx\/terminos-y-condiciones\/","og_locale":"es_MX","og_type":"article","og_title":"T\u00e9rminos y condiciones - Mejorcasadeapuesta M\u00e9xico","og_description":"Lea los t\u00e9rminos y condiciones de Mejorcasadeapuesta M\u00e9xico. Aqu\u00ed le informamos claramente sobre el uso de la informaci\u00f3n general, las condiciones para proporcionar datos y otros detalles importantes.","og_url":"https:\/\/mejorcasadeapuesta.com\/mx\/terminos-y-condiciones\/","og_site_name":"mx","article_modified_time":"2024-06-20T13:13:09+00:00","og_image":[{"width":1920,"height":850,"url":"https:\/\/mejorcasadeapuesta.com\/mx\/wp-content\/uploads\/sites\/2\/2023\/05\/Terminos-y-condiciones-de-uso.jpg","type":"image\/jpeg"}],"twitter_card":"summary_large_image","twitter_misc":{"Tiempo de lectura":"4 minutos"},"schema":{"@context":"https:\/\/schema.org","@graph":[{"@type":"WebPage","@id":"https:\/\/mejorcasadeapuesta.com\/mx\/terminos-y-condiciones\/","url":"https:\/\/mejorcasadeapuesta.com\/mx\/terminos-y-condiciones\/","name":"T\u00e9rminos y condiciones - Mejorcasadeapuesta M\u00e9xico","isPartOf":{"@id":"https:\/\/mejorcasadeapuesta.com\/mx\/#website"},"primaryImageOfPage":{"@id":"https:\/\/mejorcasadeapuesta.com\/mx\/terminos-y-condiciones\/#primaryimage"},"image":{"@id":"https:\/\/mejorcasadeapuesta.com\/mx\/terminos-y-condiciones\/#primaryimage"},"thumbnailUrl":"https:\/\/mejorcasadeapuesta.com\/mx\/wp-content\/uploads\/sites\/2\/2023\/05\/Terminos-y-condiciones-de-uso.jpg","datePublished":"2023-04-27T12:33:04+00:00","dateModified":"2024-06-20T13:13:09+00:00","description":"Lea los t\u00e9rminos y condiciones de Mejorcasadeapuesta M\u00e9xico. Aqu\u00ed le informamos claramente sobre el uso de la informaci\u00f3n general, las condiciones para proporcionar datos y otros detalles importantes.","breadcrumb":{"@id":"https:\/\/mejorcasadeapuesta.com\/mx\/terminos-y-condiciones\/#breadcrumb"},"inLanguage":"es","potentialAction":[{"@type":"ReadAction","target":["https:\/\/mejorcasadeapuesta.com\/mx\/terminos-y-condiciones\/"]}]},{"@type":"ImageObject","inLanguage":"es","@id":"https:\/\/mejorcasadeapuesta.com\/mx\/terminos-y-condiciones\/#primaryimage","url":"https:\/\/mejorcasadeapuesta.com\/mx\/wp-content\/uploads\/sites\/2\/2023\/05\/Terminos-y-condiciones-de-uso.jpg","contentUrl":"https:\/\/mejorcasadeapuesta.com\/mx\/wp-content\/uploads\/sites\/2\/2023\/05\/Terminos-y-condiciones-de-uso.jpg","width":1920,"height":850},{"@type":"BreadcrumbList","@id":"https:\/\/mejorcasadeapuesta.com\/mx\/terminos-y-condiciones\/#breadcrumb","itemListElement":[{"@type":"ListItem","position":1,"name":"Mejorcasadeapuesta","item":"https:\/\/mejorcasadeapuesta.com\/mx\/"},{"@type":"ListItem","position":2,"name":"T\u00e9rminos y condiciones de uso"}]},{"@type":"WebSite","@id":"https:\/\/mejorcasadeapuesta.com\/mx\/#website","url":"https:\/\/mejorcasadeapuesta.com\/mx\/","name":"Mejorcasadeapuesta","description":"","publisher":{"@id":"https:\/\/mejorcasadeapuesta.com\/mx\/#organization"},"potentialAction":[{"@type":"SearchAction","target":{"@type":"EntryPoint","urlTemplate":"https:\/\/mejorcasadeapuesta.com\/mx\/?s={search_term_string}"},"query-input":{"@type":"PropertyValueSpecification","valueRequired":true,"valueName":"search_term_string"}}],"inLanguage":"es"},{"@type":"Organization","@id":"https:\/\/mejorcasadeapuesta.com\/mx\/#organization","name":"Mejorcasadeapuesta","url":"https:\/\/mejorcasadeapuesta.com\/mx\/","logo":{"@type":"ImageObject","inLanguage":"es","@id":"https:\/\/mejorcasadeapuesta.com\/mx\/#\/schema\/logo\/image\/","url":"https:\/\/mejorcasadeapuesta.com\/mx\/wp-content\/uploads\/sites\/2\/2022\/12\/Mejor...-Mexico.png","contentUrl":"https:\/\/mejorcasadeapuesta.com\/mx\/wp-content\/uploads\/sites\/2\/2022\/12\/Mejor...-Mexico.png","width":250,"height":100,"caption":"Mejorcasadeapuesta"},"image":{"@id":"https:\/\/mejorcasadeapuesta.com\/mx\/#\/schema\/logo\/image\/"}}]}},"_links":{"self":[{"href":"https:\/\/mejorcasadeapuesta.com\/mx\/wp-json\/wp\/v2\/pages\/1432"}],"collection":[{"href":"https:\/\/mejorcasadeapuesta.com\/mx\/wp-json\/wp\/v2\/pages"}],"about":[{"href":"https:\/\/mejorcasadeapuesta.com\/mx\/wp-json\/wp\/v2\/types\/page"}],"author":[{"embeddable":true,"href":"https:\/\/mejorcasadeapuesta.com\/mx\/wp-json\/wp\/v2\/users\/1"}],"replies":[{"embeddable":true,"href":"https:\/\/mejorcasadeapuesta.com\/mx\/wp-json\/wp\/v2\/comments?post=1432"}],"version-history":[{"count":1,"href":"https:\/\/mejorcasadeapuesta.com\/mx\/wp-json\/wp\/v2\/pages\/1432\/revisions"}],"predecessor-version":[{"id":1433,"href":"https:\/\/mejorcasadeapuesta.com\/mx\/wp-json\/wp\/v2\/pages\/1432\/revisions\/1433"}],"wp:featuredmedia":[{"embeddable":true,"href":"https:\/\/mejorcasadeapuesta.com\/mx\/wp-json\/wp\/v2\/media\/1600"}],"wp:attachment":[{"href":"https:\/\/mejorcasadeapuesta.com\/mx\/wp-json\/wp\/v2\/media?parent=1432"}],"wp:term":[{"taxonomy":"page_categories","embeddable":true,"href":"https:\/\/mejorcasadeapuesta.com\/mx\/wp-json\/wp\/v2\/page_categories?post=1432"}],"curies":[{"name":"wp","href":"https:\/\/api.w.org\/{rel}","templated":true}]}}