{"id":403,"date":"2023-02-24T18:09:40","date_gmt":"2023-02-24T15:09:40","guid":{"rendered":"https:\/\/mejorcasadeapuesta.com\/pe\/?page_id=403"},"modified":"2024-06-20T16:56:26","modified_gmt":"2024-06-20T13:56:26","slug":"privacidad","status":"publish","type":"page","link":"https:\/\/mejorcasadeapuesta.com\/pe\/privacidad\/","title":{"rendered":"Privacidad"},"content":{"rendered":"<section class=\"wp-block-hc-alternate-group-section\"> <h2 class=\"wp-block-heading\">Protecci\u00f3n de datos y confidencialidad&nbsp;<\/h2>    <p>Para cumplir con los requerimientos internacionales y lo establecido en la Ley de protecci\u00f3n de datos de Per\u00fa (Ley 29733, informamos al usuario de Mejorcasadeapuesta.com que la plataforma hace uso de un sistema de datos automatizado.&nbsp;<\/p>    <p>Dicho sistema fue construido para el tratamiento de datos confidenciales, recayendo la responsabilidad sobre Mejorcasadeapuesta.com. El uso del protocolo de recolecci\u00f3n automatizada de datos es recopilar y manejar informaci\u00f3n de forma organizada y eficiente bajo una gesti\u00f3n adecuada. As\u00ed, Mejorcasadeapuesta.com solo tomar\u00e1 datos necesarios con el previo consentimiento del usuario.<\/p> <\/section>    <section class=\"wp-block-hc-alternate-group-section\"> <h2 class=\"wp-block-heading\">Registro de datos en formularios y ficheros<\/h2>    <p>Resulta fundamental que el registro en Mejorcasadeapuesta.com se realice llenando todos los apartados solicitados. En caso contrario no ser\u00e1 posible acceder al registro dentro de la plataforma, impidi\u00e9ndote formar parte de cualquier promoci\u00f3n o servicio que puedas encontrar en nuestra p\u00e1gina web.<\/p>    <p>Respecto a la protecci\u00f3n de datos en Per\u00fa, la ley 29733 de la Constituci\u00f3n Pol\u00edtica del Per\u00fa garantiza la protecci\u00f3n de datos personales a trav\u00e9s del tratamiento adecuado. As\u00ed, en Mejorcasadeapuesta.com todo dato ingresado a la plataforma es almacenado y protegido en un sistema de alta seguridad.<\/p> <\/section>    <section class=\"wp-block-hc-alternate-group-section\"> <h2 class=\"wp-block-heading\">Veracidad y exactitud de los datos&nbsp;<\/h2>    <p>En Mejorcasadeapuesta.com no nos hacemos responsables de la informaci\u00f3n proporcionada por nuestros usuarios, por lo que no garantizamos la veracidad intencional de la informaci\u00f3n por error u omisi\u00f3n. De esta forma, la responsabilidad y la veracidad de los datos suministrados recae exclusivamente por el usuario.&nbsp;<\/p>    <p>Solo los usuarios podr\u00e1n responder por la exactitud, vigencia y veracidad de la informaci\u00f3n recopilada por nuestro sistema automatizado. Por lo tanto, la responsabilidad de mantener actualizada la informaci\u00f3n ingresada recae en el usuario, siendo \u00e9ste el sujeto de las consecuencias impartidas en caso de haberlas.&nbsp;<\/p>    <p>En Mejorcasadeapuesta.com se utilizan datos completos basados en la verdad con funcionalidad en los incisos donde sea solicitado. Adem\u00e1s, Mejorcasadeapuesta.com hace caso omiso a cualquier tipo de informaci\u00f3n suministrada que no proceda directamente del usuario, incluy\u00e9ndose los datos proporcionados por terceros.&nbsp;<\/p>    <p>Mejorcasadeapuesta.com no tomar\u00e1 responsabilidad sobre eventos que hayan causado da\u00f1os o perjuicios que afecten a los usuarios como consecuencia de la informaci\u00f3n suministrada cuando tiene procedencia de terceros.&nbsp;<\/p>    <p>Mejorcasadeapuesta.com tiene derecho total a modificar, eliminar, transferir, limitar o impedir el acceso a cualquier tipo de informaci\u00f3n que se encuentre almacenada en su portal web.&nbsp;<\/p>    <p>Bas\u00e1ndose en las normativas internacionales, el usuario podr\u00e1 revocar o modificar la informaci\u00f3n ingresada en la plataforma.<\/p> <\/section>    <section class=\"wp-block-hc-alternate-group-section\"> <h2 class=\"wp-block-heading\">Cookies<\/h2>    <p><b>Esta p\u00e1gina web utiliza cookies<\/b>. Al proporcionarte esta informaci\u00f3n, Mejorcasadeapuesta.com cumple con los requisitos de las condiciones internacionales.<\/p>    <section class=\"wp-block-hc-alternate-group-section\"> <h3 class=\"wp-block-heading\">\u00bfQu\u00e9 es una cookie?<\/h3>    <p>Las cookies son elementos digitales empleados por los servidores para el almacenamiento y rastreo de informaci\u00f3n de los usuarios que ingresan a una p\u00e1gina web.<\/p>    <p>Este presenta un factor temporal, pudiendo guardarse por un tiempo para informar al servidor el flujo de actividades realizadas.<\/p>    <p>La durabilidad de las cookies se limita al tiempo que el usuario mantiene abierta una sesi\u00f3n en la p\u00e1gina web. Algunas plataformas extienden el funcionamiento de las cookies a un tiempo preestablecido.&nbsp;<\/p>    <p><b>Las cookies nos ayudan a personalizar la informaci\u00f3n que encuentras en nuestra p\u00e1gina.<\/b><\/p> <\/section>    <section class=\"wp-block-hc-alternate-group-section\"> <h3 class=\"wp-block-heading\">\u00bfCu\u00e1les cookies utilizamos en Mejorcasadeapuesta.com?<\/h3>    <p>Al aceptar todas las cookies empleadas por Mejorcasadeapuesta.com nos das tu consentimiento para los siguientes fines que benefician tu navegaci\u00f3n en la plataforma:<\/p>    <ul> <li>Mejorar el funcionamiento de Mejorcasadeapuesta.com<\/li>    <li>Inicio de sesi\u00f3n autom\u00e1tico al entrar a la p\u00e1gina<\/li>    <li>Actualizamos tu configuraci\u00f3n de ajustes<\/li>    <li>Podemos mostrarte videos&nbsp;<\/li>    <li>Aumenta la velocidad de la p\u00e1gina<\/li>    <li>Nos permite agregar enlaces a redes sociales<\/li>    <li>Podemos mejorar la personalizaci\u00f3n de Mejorcasadeapuesta.com<\/li>    <li>Ajusta los anuncios a tus intereses<\/li> <\/ul> <\/section>    <section class=\"wp-block-hc-alternate-group-section\"> <h3 class=\"wp-block-heading\">Nunca utilizaremos cookies para:<\/h3>    <ul> <li>Tomar datos privados o de contacto sin notificarte.&nbsp;<\/li>    <li>Hacer entrega de tus datos de identificaci\u00f3n a otros medios.<\/li> <\/ul> <\/section> <\/section>    <section class=\"wp-block-hc-alternate-group-section\"> <h2 class=\"wp-block-heading\">Derechos de acceso, rectificaci\u00f3n, cancelaci\u00f3n:&nbsp;<\/h2>    <p>Tienes total acceso a los derechos de rectificaci\u00f3n, acceso, supresi\u00f3n, limitaci\u00f3n, portabilidad y oposici\u00f3n utilizando el siguiente correo como medio de contacto:<\/p>    <p>Durante el proceso de contacto deber\u00e1s verificar que la cuenta es de tu propiedad, por lo que generalmente solicitaremos un documento de identidad v\u00e1lido. Adicionalmente, el uso de tu derecho de rectificaci\u00f3n se encuentra disponible directamente en nuestro portal web. Este proceso solo requiere de tu identificaci\u00f3n, inicio de sesi\u00f3n y completar la modificaci\u00f3n del formulario que desees.<\/p> <\/section>    <section class=\"wp-block-hc-alternate-group-section\"> <h2 class=\"wp-block-heading\">Medidas de seguridad<\/h2>    <p>En Mejorcasadeapuesta.com hacemos uso de sistemas de seguridad de alto nivel, cumpliendo con todos los requisitos impuestos por las leyes internacionales. Nos encontramos en constante mejor\u00eda sobre el funcionamiento de nuestra p\u00e1gina web, los protocolos de seguridad y las categor\u00edas de la plataforma buscando asegurarte una experiencia satisfactoria.&nbsp;<\/p>    <p>Adicionalmente, en Mejorcasadeapuesta.com no nos hacemos responsables por da\u00f1os provenientes de situaciones ajenas a nuestro control. De esta forma, las omisiones, virus telef\u00f3nicos y datos de acceso podr\u00edan derivar en el bloqueo indefinido en el uso de nuestra p\u00e1gina web, por lo que el usuario deber\u00e1 mantener todos estos incisos seguros junto con su informaci\u00f3n.<\/p> <\/section>    <section class=\"wp-block-hc-alternate-group-section\"> <h2 class=\"wp-block-heading\">Aceptaci\u00f3n y consentimiento<\/h2>    <p>Si se aceptan los t\u00e9rminos de la plataforma el usuario estar\u00e1 indicando estar informado sobre todas y cada una de las medidas de seguridad, protocolos de protecci\u00f3n y el sistema de uso de datos impartido por la p\u00e1gina web.<\/p>    <p>Los datos tienen como uso exclusivo todas las formas y finalidades expuestas durante este condicionado.&nbsp;<\/p>    <p>Existen servicios particulares que pueden solicitar puntos adicionales de seguridad y manejo de datos. Sin embargo, esto se le ser\u00e1 informado al usuario previamente para certificar su consentimiento.&nbsp;La p\u00e1gina de Mejorcasadeapuesta.com puede ser navegada sin obligaci\u00f3n de llenar formularios personales. Estos datos solo ser\u00e1n requeridos en caso de acceder a un apartado que necesite de un inicio de sesi\u00f3n.<\/p> <\/section>    <section class=\"wp-block-hc-alternate-group-section\"> <h2 class=\"wp-block-heading\">Finalidades<\/h2>    <p>La informaci\u00f3n ingresada solo es utilizada con la finalidad de generar un ambiente amigable que cause mejoras en la navegaci\u00f3n del usuario. Mientras m\u00e1s conocemos a nuestros clientes, mejor es el servicio personalizado que podemos ofrecer.<\/p> <\/section>    <section class=\"wp-block-hc-alternate-group-section\"> <h2 class=\"wp-block-heading\">Menores de edad<\/h2>    <p>Ning\u00fan apartado expuesto en la plataforma se encuentra dirigido a menores de edad. La participaci\u00f3n de menores de edad en juegos de apuestas es una actividad il\u00edcita en Per\u00fa. Se proh\u00edbe el acceso de menores de edad a juegos de apuestas en Per\u00fa por la ley 31557.<\/p> <\/section>","protected":false},"excerpt":{"rendered":"","protected":false},"author":1,"featured_media":707,"parent":0,"menu_order":48,"comment_status":"closed","ping_status":"closed","template":"","meta":{"_acf_changed":false,"footnotes":""},"page_categories":[],"acf":[],"yoast_head":"<!-- This site is optimized with the Yoast SEO plugin v24.5 - https:\/\/yoast.com\/wordpress\/plugins\/seo\/ -->\n<title>Privacidad - Mejorcasadeapuesta Per\u00fa<\/title>\n<meta name=\"description\" content=\"Conozca nuestros esquemas de privacidad de Mejorcasadeapuesta Per\u00fa. Protegemos su informaci\u00f3n, consulte los detalles en esta p\u00e1gina.\" \/>\n<meta name=\"robots\" content=\"index, follow, max-snippet:-1, max-image-preview:large, max-video-preview:-1\" \/>\n<link rel=\"canonical\" href=\"https:\/\/mejorcasadeapuesta.com\/pe\/privacidad\/\" \/>\n<meta property=\"og:locale\" content=\"es_ES\" \/>\n<meta property=\"og:type\" content=\"article\" \/>\n<meta property=\"og:title\" content=\"Privacidad - Mejorcasadeapuesta Per\u00fa\" \/>\n<meta property=\"og:description\" content=\"Conozca nuestros esquemas de privacidad de Mejorcasadeapuesta Per\u00fa. Protegemos su informaci\u00f3n, consulte los detalles en esta p\u00e1gina.\" \/>\n<meta property=\"og:url\" content=\"https:\/\/mejorcasadeapuesta.com\/pe\/privacidad\/\" \/>\n<meta property=\"og:site_name\" content=\"pe\" \/>\n<meta property=\"article:modified_time\" content=\"2024-06-20T13:56:26+00:00\" \/>\n<meta property=\"og:image\" content=\"http:\/\/mejorcasadeapuesta.com\/pe\/wp-content\/uploads\/sites\/8\/2023\/05\/Privacidad-ES.jpg\" \/>\n\t<meta property=\"og:image:width\" content=\"1920\" \/>\n\t<meta property=\"og:image:height\" content=\"850\" \/>\n\t<meta property=\"og:image:type\" content=\"image\/jpeg\" \/>\n<meta name=\"twitter:card\" content=\"summary_large_image\" \/>\n<meta name=\"twitter:label1\" content=\"Est. reading time\" \/>\n\t<meta name=\"twitter:data1\" content=\"1 minuto\" \/>\n<!-- \/ Yoast SEO plugin. -->","yoast_head_json":{"title":"Privacidad - Mejorcasadeapuesta Per\u00fa","description":"Conozca nuestros esquemas de privacidad de Mejorcasadeapuesta Per\u00fa. Protegemos su informaci\u00f3n, consulte los detalles en esta p\u00e1gina.","robots":{"index":"index","follow":"follow","max-snippet":"max-snippet:-1","max-image-preview":"max-image-preview:large","max-video-preview":"max-video-preview:-1"},"canonical":"https:\/\/mejorcasadeapuesta.com\/pe\/privacidad\/","og_locale":"es_ES","og_type":"article","og_title":"Privacidad - Mejorcasadeapuesta Per\u00fa","og_description":"Conozca nuestros esquemas de privacidad de Mejorcasadeapuesta Per\u00fa. Protegemos su informaci\u00f3n, consulte los detalles en esta p\u00e1gina.","og_url":"https:\/\/mejorcasadeapuesta.com\/pe\/privacidad\/","og_site_name":"pe","article_modified_time":"2024-06-20T13:56:26+00:00","og_image":[{"width":1920,"height":850,"url":"http:\/\/mejorcasadeapuesta.com\/pe\/wp-content\/uploads\/sites\/8\/2023\/05\/Privacidad-ES.jpg","type":"image\/jpeg"}],"twitter_card":"summary_large_image","twitter_misc":{"Est. reading time":"1 minuto"},"schema":{"@context":"https:\/\/schema.org","@graph":[{"@type":"WebPage","@id":"https:\/\/mejorcasadeapuesta.com\/pe\/privacidad\/","url":"https:\/\/mejorcasadeapuesta.com\/pe\/privacidad\/","name":"Privacidad - Mejorcasadeapuesta Per\u00fa","isPartOf":{"@id":"https:\/\/mejorcasadeapuesta.com\/pe\/#website"},"primaryImageOfPage":{"@id":"https:\/\/mejorcasadeapuesta.com\/pe\/privacidad\/#primaryimage"},"image":{"@id":"https:\/\/mejorcasadeapuesta.com\/pe\/privacidad\/#primaryimage"},"thumbnailUrl":"https:\/\/mejorcasadeapuesta.com\/pe\/wp-content\/uploads\/sites\/8\/2023\/05\/Privacidad-ES.jpg","datePublished":"2023-02-24T15:09:40+00:00","dateModified":"2024-06-20T13:56:26+00:00","description":"Conozca nuestros esquemas de privacidad de Mejorcasadeapuesta Per\u00fa. Protegemos su informaci\u00f3n, consulte los detalles en esta p\u00e1gina.","breadcrumb":{"@id":"https:\/\/mejorcasadeapuesta.com\/pe\/privacidad\/#breadcrumb"},"inLanguage":"es","potentialAction":[{"@type":"ReadAction","target":["https:\/\/mejorcasadeapuesta.com\/pe\/privacidad\/"]}]},{"@type":"ImageObject","inLanguage":"es","@id":"https:\/\/mejorcasadeapuesta.com\/pe\/privacidad\/#primaryimage","url":"https:\/\/mejorcasadeapuesta.com\/pe\/wp-content\/uploads\/sites\/8\/2023\/05\/Privacidad-ES.jpg","contentUrl":"https:\/\/mejorcasadeapuesta.com\/pe\/wp-content\/uploads\/sites\/8\/2023\/05\/Privacidad-ES.jpg","width":1920,"height":850},{"@type":"BreadcrumbList","@id":"https:\/\/mejorcasadeapuesta.com\/pe\/privacidad\/#breadcrumb","itemListElement":[{"@type":"ListItem","position":1,"name":"Mejorcasadeapuesta","item":"https:\/\/mejorcasadeapuesta.com\/pe\/"},{"@type":"ListItem","position":2,"name":"Privacidad"}]},{"@type":"WebSite","@id":"https:\/\/mejorcasadeapuesta.com\/pe\/#website","url":"https:\/\/mejorcasadeapuesta.com\/pe\/","name":"pe","description":"","publisher":{"@id":"https:\/\/mejorcasadeapuesta.com\/pe\/#organization"},"potentialAction":[{"@type":"SearchAction","target":{"@type":"EntryPoint","urlTemplate":"https:\/\/mejorcasadeapuesta.com\/pe\/?s={search_term_string}"},"query-input":{"@type":"PropertyValueSpecification","valueRequired":true,"valueName":"search_term_string"}}],"inLanguage":"es"},{"@type":"Organization","@id":"https:\/\/mejorcasadeapuesta.com\/pe\/#organization","name":"pe","url":"https:\/\/mejorcasadeapuesta.com\/pe\/","logo":{"@type":"ImageObject","inLanguage":"es","@id":"https:\/\/mejorcasadeapuesta.com\/pe\/#\/schema\/logo\/image\/","url":"https:\/\/mejorcasadeapuesta.com\/pe\/wp-content\/uploads\/sites\/8\/2022\/12\/Mejor...-Peru.png","contentUrl":"https:\/\/mejorcasadeapuesta.com\/pe\/wp-content\/uploads\/sites\/8\/2022\/12\/Mejor...-Peru.png","width":250,"height":100,"caption":"pe"},"image":{"@id":"https:\/\/mejorcasadeapuesta.com\/pe\/#\/schema\/logo\/image\/"}}]}},"_links":{"self":[{"href":"https:\/\/mejorcasadeapuesta.com\/pe\/wp-json\/wp\/v2\/pages\/403"}],"collection":[{"href":"https:\/\/mejorcasadeapuesta.com\/pe\/wp-json\/wp\/v2\/pages"}],"about":[{"href":"https:\/\/mejorcasadeapuesta.com\/pe\/wp-json\/wp\/v2\/types\/page"}],"author":[{"embeddable":true,"href":"https:\/\/mejorcasadeapuesta.com\/pe\/wp-json\/wp\/v2\/users\/1"}],"replies":[{"embeddable":true,"href":"https:\/\/mejorcasadeapuesta.com\/pe\/wp-json\/wp\/v2\/comments?post=403"}],"version-history":[{"count":3,"href":"https:\/\/mejorcasadeapuesta.com\/pe\/wp-json\/wp\/v2\/pages\/403\/revisions"}],"predecessor-version":[{"id":710,"href":"https:\/\/mejorcasadeapuesta.com\/pe\/wp-json\/wp\/v2\/pages\/403\/revisions\/710"}],"wp:featuredmedia":[{"embeddable":true,"href":"https:\/\/mejorcasadeapuesta.com\/pe\/wp-json\/wp\/v2\/media\/707"}],"wp:attachment":[{"href":"https:\/\/mejorcasadeapuesta.com\/pe\/wp-json\/wp\/v2\/media?parent=403"}],"wp:term":[{"taxonomy":"page_categories","embeddable":true,"href":"https:\/\/mejorcasadeapuesta.com\/pe\/wp-json\/wp\/v2\/page_categories?post=403"}],"curies":[{"name":"wp","href":"https:\/\/api.w.org\/{rel}","templated":true}]}}